{"id":96,"date":"2016-05-13T09:14:38","date_gmt":"2016-05-13T08:14:38","guid":{"rendered":"http:\/\/porodniasistentky.3sixty.eu\/?page_id=96"},"modified":"2024-06-12T12:23:13","modified_gmt":"2024-06-12T11:23:13","slug":"pruzkumy","status":"publish","type":"page","link":"https:\/\/www.porodniasistentky.info\/index.php\/pruzkumy\/","title":{"rendered":"Pr\u016fzkumy"},"content":{"rendered":"<p><!--more-->\u010cesk\u00e1 spole\u010dnost porodn\u00edch asistentek (d\u00e1le tak\u00e9 \u010cSPA) jako profesn\u00ed sdru\u017een\u00ed m\u00e1 na starosti mimo jin\u00e9 i rozvoj sv\u00e9ho oboru tedy porodn\u00ed asistence a jej\u00ed poskytov\u00e1n\u00ed v r\u00e1mci aplikovan\u00e9 praxe.<\/p>\n<p>Proto je nutn\u00e9, tak abychom tento bod mohly zcela legitimn\u011b napl\u0148ovat, \u00a0komunikovat nejen se \u00a0sv\u00fdmi \u010dlenkami, ale i s laickou ve\u0159ejnost\u00ed, kter\u00e1 je p\u0159\u00edjemcem na\u0161ich slu\u017eeb. V t\u00e9to sekci naleznete prob\u011bhl\u00e1 dotazn\u00edkov\u00e1 \u0161et\u0159en\u00ed na kter\u00fdch se \u010cSPA aktivn\u011b pod\u00edlela.<\/p>\n<ul class=\"child-sidebar-menu\">\n<li><a href=\"https:\/\/www.porodniasistentky.info\/index.php\/pruzkumy\/problematika-laktacniho-poradenstvi\/\">Problematika lakta\u010dn\u00edho poradenstv\u00ed<\/a><\/li>\n<li class=\"page_item page-item-479\"><a href=\"https:\/\/www.porodniasistentky.info\/index.php\/pruzkumy\/narodni-studie-kojeni-a-jeho-vliv-na-zdravotni-stav-ditete\/\">N\u00e1rodn\u00ed studie kojen\u00ed a jeho vliv na zdravotn\u00ed stav d\u00edt\u011bte<\/a><\/li>\n<li class=\"page_item page-item-450\"><a href=\"https:\/\/www.porodniasistentky.info\/index.php\/pruzkumy\/tehotenska-cukrovka-ii\/\">T\u011bhotensk\u00e1 cukrovka II<\/a><\/li>\n<li class=\"page_item page-item-205\"><a href=\"https:\/\/www.porodniasistentky.info\/index.php\/pruzkumy\/tehotenska-cukrovka\/\">T\u011bhotensk\u00e1 cukrovka<\/a><\/li>\n<li class=\"page_item page-item-208\"><a href=\"https:\/\/www.porodniasistentky.info\/index.php\/pruzkumy\/zacleneni-na-trhu-prace\/\">Za\u010dlen\u011bn\u00ed na trhu pr\u00e1ce<\/a><\/li>\n<\/ul>\n","protected":false},"excerpt":{"rendered":"","protected":false},"author":1,"featured_media":405,"parent":0,"menu_order":0,"comment_status":"closed","ping_status":"closed","template":"","meta":{"inline_featured_image":false,"footnotes":""},"class_list":["post-96","page","type-page","status-publish","has-post-thumbnail","hentry","","tg-column-two"],"_links":{"self":[{"href":"https:\/\/www.porodniasistentky.info\/index.php\/wp-json\/wp\/v2\/pages\/96","targetHints":{"allow":["GET"]}}],"collection":[{"href":"https:\/\/www.porodniasistentky.info\/index.php\/wp-json\/wp\/v2\/pages"}],"about":[{"href":"https:\/\/www.porodniasistentky.info\/index.php\/wp-json\/wp\/v2\/types\/page"}],"author":[{"embeddable":true,"href":"https:\/\/www.porodniasistentky.info\/index.php\/wp-json\/wp\/v2\/users\/1"}],"replies":[{"embeddable":true,"href":"https:\/\/www.porodniasistentky.info\/index.php\/wp-json\/wp\/v2\/comments?post=96"}],"version-history":[{"count":8,"href":"https:\/\/www.porodniasistentky.info\/index.php\/wp-json\/wp\/v2\/pages\/96\/revisions"}],"predecessor-version":[{"id":39743,"href":"https:\/\/www.porodniasistentky.info\/index.php\/wp-json\/wp\/v2\/pages\/96\/revisions\/39743"}],"wp:featuredmedia":[{"embeddable":true,"href":"https:\/\/www.porodniasistentky.info\/index.php\/wp-json\/wp\/v2\/media\/405"}],"wp:attachment":[{"href":"https:\/\/www.porodniasistentky.info\/index.php\/wp-json\/wp\/v2\/media?parent=96"}],"curies":[{"name":"wp","href":"https:\/\/api.w.org\/{rel}","templated":true}]}}