{"id":66,"date":"2016-05-12T12:09:08","date_gmt":"2016-05-12T11:09:08","guid":{"rendered":"http:\/\/porodniasistentky.3sixty.eu\/?page_id=66"},"modified":"2021-09-30T08:40:32","modified_gmt":"2021-09-30T07:40:32","slug":"predporodni-priprava","status":"publish","type":"page","link":"https:\/\/www.porodniasistentky.info\/index.php\/predporodni-priprava\/","title":{"rendered":"P\u0159edporodn\u00ed p\u0159\u00edprava"},"content":{"rendered":"<p dir=\"ltr\" style=\"line-height: 1.38; margin-top: 0pt; margin-bottom: 0pt;\"><!--more-->V\u00edt\u00e1me V\u00e1s&#8230;<\/p>\n<p dir=\"ltr\" style=\"line-height: 1.38; margin-top: 0pt; margin-bottom: 0pt;\">\u010cesk\u00e1 spole\u010dnost porodn\u00edch asistentek V\u00e1m nab\u00edz\u00ed mo\u017enost individu\u00e1ln\u00ed p\u0159edporodn\u00ed p\u0159\u00edpravy prost\u0159ednictv\u00edm on-line kurz\u016f.<\/p>\n<p dir=\"ltr\" style=\"line-height: 1.38; margin-top: 0pt; margin-bottom: 0pt;\">Sta\u010d\u00ed si jen vybrat term\u00edn, kter\u00fd V\u00e1m nejv\u00edce vyhovuje. M\u016f\u017eete se t\u011b\u0161it na p\u0159\u00e1telsk\u00e9, neform\u00e1ln\u00ed pov\u00edd\u00e1n\u00ed o Va\u0161em t\u011bhotenstv\u00ed, jeho pr\u016fb\u011bhu, p\u0159\u00edpravu na porod a p\u00e9\u010di o Va\u0161e miminko v prvn\u00edch m\u011bs\u00edc\u00edch jeho \u017eivota.<\/p>\n<p><b id=\"docs-internal-guid-8d873200-7fff-56c6-0196-2e48110d19c6\" style=\"font-weight: normal;\">\u00a0<\/b><\/p>\n<p dir=\"ltr\" style=\"line-height: 1.38; margin-top: 0pt; margin-bottom: 0pt;\">P\u0159edporodn\u00ed kurzy \u2013 formou on-line<\/p>\n<p dir=\"ltr\" style=\"line-height: 1.38; margin-top: 0pt; margin-bottom: 0pt;\">Jazyk \u2013 \u010de\u0161tina, angli\u010dtina<\/p>\n<p dir=\"ltr\" style=\"line-height: 1.38; margin-top: 0pt; margin-bottom: 0pt;\">Frekvence \u2013 2 x 180 minut<\/p>\n<p dir=\"ltr\" style=\"line-height: 1.38; margin-top: 0pt; margin-bottom: 0pt;\">Zp\u016fsob prezentace \u2013\u00a0 p\u0159es slu\u017ebu Google Meet, PowerPoint prezentace dle jednotn\u00e9ho vizu\u00e1lu a videa<\/p>\n<p dir=\"ltr\" style=\"line-height: 1.38; margin-top: 0pt; margin-bottom: 0pt;\">Odbornost \u2013 v\u0161echny porodn\u00ed asistentky jsou pro\u0161kolen\u00e9 v\u00a0r\u00e1mci celo\u017eivotn\u00edho vzd\u011bl\u00e1v\u00e1n\u00ed a pravideln\u011b proch\u00e1zej\u00ed superviz\u00ed.<\/p>\n<h3>Porodn\u00ed asistentky<\/h3>\n<p>pro\u0161kolen\u00e9 v r\u00e1mci celo\u017eivotn\u00edho vzd\u011bl\u00e1v\u00e1n\u00ed<\/p>\n<h3>Na\u0161e lektorky<\/h3>\n<p>Motto a vize v p\u0159edporodn\u00ed p\u0159\u00edprav\u011b<br \/>\n<a><br \/>\nnajdete zde <\/a><\/p>\n<h3>Term\u00edny kurz\u016f<\/h3>\n<p>On-line v \u010desk\u00e9m a anglick\u00e9m jazyce<\/p>\n<h3>2 x 180 minut<\/h3>\n<p>Prezentace p\u0159es slu\u017ebu Google Meet, PowerPoint prezentace<br \/>\ndle jednotn\u00e9ho vizu\u00e1lu a videa<br \/>\n<a><br \/>\nvybrat term\u00edn <\/a><\/p>\n","protected":false},"excerpt":{"rendered":"","protected":false},"author":2,"featured_media":401,"parent":0,"menu_order":0,"comment_status":"closed","ping_status":"closed","template":"","meta":{"inline_featured_image":false,"footnotes":""},"class_list":["post-66","page","type-page","status-publish","has-post-thumbnail","hentry","","tg-column-two"],"_links":{"self":[{"href":"https:\/\/www.porodniasistentky.info\/index.php\/wp-json\/wp\/v2\/pages\/66","targetHints":{"allow":["GET"]}}],"collection":[{"href":"https:\/\/www.porodniasistentky.info\/index.php\/wp-json\/wp\/v2\/pages"}],"about":[{"href":"https:\/\/www.porodniasistentky.info\/index.php\/wp-json\/wp\/v2\/types\/page"}],"author":[{"embeddable":true,"href":"https:\/\/www.porodniasistentky.info\/index.php\/wp-json\/wp\/v2\/users\/2"}],"replies":[{"embeddable":true,"href":"https:\/\/www.porodniasistentky.info\/index.php\/wp-json\/wp\/v2\/comments?post=66"}],"version-history":[{"count":136,"href":"https:\/\/www.porodniasistentky.info\/index.php\/wp-json\/wp\/v2\/pages\/66\/revisions"}],"predecessor-version":[{"id":18981,"href":"https:\/\/www.porodniasistentky.info\/index.php\/wp-json\/wp\/v2\/pages\/66\/revisions\/18981"}],"wp:featuredmedia":[{"embeddable":true,"href":"https:\/\/www.porodniasistentky.info\/index.php\/wp-json\/wp\/v2\/media\/401"}],"wp:attachment":[{"href":"https:\/\/www.porodniasistentky.info\/index.php\/wp-json\/wp\/v2\/media?parent=66"}],"curies":[{"name":"wp","href":"https:\/\/api.w.org\/{rel}","templated":true}]}}