{"id":62,"date":"2016-05-12T12:08:08","date_gmt":"2016-05-12T11:08:08","guid":{"rendered":"http:\/\/porodniasistentky.3sixty.eu\/?page_id=62"},"modified":"2026-01-05T12:11:09","modified_gmt":"2026-01-05T11:11:09","slug":"doporucene-postupy","status":"publish","type":"page","link":"https:\/\/www.porodniasistentky.info\/index.php\/doporucene-postupy\/","title":{"rendered":"Doporu\u010den\u00e9 postupy"},"content":{"rendered":"\t\t<div data-elementor-type=\"wp-page\" data-elementor-id=\"62\" class=\"elementor elementor-62\" data-elementor-post-type=\"page\">\n\t\t\t\t\t\t<section class=\"elementor-section elementor-top-section elementor-element elementor-element-28e607c elementor-section-boxed elementor-section-height-default elementor-section-height-default\" data-id=\"28e607c\" data-element_type=\"section\" data-e-type=\"section\">\n\t\t\t\t\t\t<div class=\"elementor-container elementor-column-gap-default\">\n\t\t\t\t\t<div class=\"elementor-column elementor-col-100 elementor-top-column elementor-element elementor-element-2aca185b\" data-id=\"2aca185b\" data-element_type=\"column\" data-e-type=\"column\">\n\t\t\t<div class=\"elementor-widget-wrap elementor-element-populated\">\n\t\t\t\t\t\t<div class=\"elementor-element elementor-element-211d6542 elementor-widget elementor-widget-text-editor\" data-id=\"211d6542\" data-element_type=\"widget\" data-e-type=\"widget\" data-widget_type=\"text-editor.default\">\n\t\t\t\t<div class=\"elementor-widget-container\">\n\t\t\t\t\t\t\t\t\t<p><\/p><\/div><\/div><\/div><\/div><\/div><\/section><\/div> <a href=\"https:\/\/www.porodniasistentky.info\/index.php\/doporucene-postupy\/\" class=\"more-link elementor-more-link\"><span aria-label=\"Pokra\u010dovat ve \u010dten\u00ed Doporu\u010den\u00e9 postupy\">(v\u00edce&hellip;)<\/span><\/a>","protected":false},"excerpt":{"rendered":"","protected":false},"author":2,"featured_media":402,"parent":0,"menu_order":0,"comment_status":"closed","ping_status":"closed","template":"","meta":{"inline_featured_image":false,"footnotes":""},"class_list":["post-62","page","type-page","status-publish","has-post-thumbnail","hentry","","tg-column-two"],"_links":{"self":[{"href":"https:\/\/www.porodniasistentky.info\/index.php\/wp-json\/wp\/v2\/pages\/62","targetHints":{"allow":["GET"]}}],"collection":[{"href":"https:\/\/www.porodniasistentky.info\/index.php\/wp-json\/wp\/v2\/pages"}],"about":[{"href":"https:\/\/www.porodniasistentky.info\/index.php\/wp-json\/wp\/v2\/types\/page"}],"author":[{"embeddable":true,"href":"https:\/\/www.porodniasistentky.info\/index.php\/wp-json\/wp\/v2\/users\/2"}],"replies":[{"embeddable":true,"href":"https:\/\/www.porodniasistentky.info\/index.php\/wp-json\/wp\/v2\/comments?post=62"}],"version-history":[{"count":10,"href":"https:\/\/www.porodniasistentky.info\/index.php\/wp-json\/wp\/v2\/pages\/62\/revisions"}],"predecessor-version":[{"id":49921,"href":"https:\/\/www.porodniasistentky.info\/index.php\/wp-json\/wp\/v2\/pages\/62\/revisions\/49921"}],"wp:featuredmedia":[{"embeddable":true,"href":"https:\/\/www.porodniasistentky.info\/index.php\/wp-json\/wp\/v2\/media\/402"}],"wp:attachment":[{"href":"https:\/\/www.porodniasistentky.info\/index.php\/wp-json\/wp\/v2\/media?parent=62"}],"curies":[{"name":"wp","href":"https:\/\/api.w.org\/{rel}","templated":true}]}}