{"id":5174,"date":"2019-09-02T12:57:13","date_gmt":"2019-09-02T11:57:13","guid":{"rendered":"http:\/\/www.porodniasistentky.info\/?page_id=5174"},"modified":"2019-12-18T11:58:27","modified_gmt":"2019-12-18T10:58:27","slug":"aora-2019","status":"publish","type":"page","link":"https:\/\/www.porodniasistentky.info\/index.php\/vzdelavani\/vzdelavani-2019\/aora-2019\/","title":{"rendered":"AORA 2019"},"content":{"rendered":"\n<p>Tradi\u010dn\u00ed setk\u00e1n\u00ed nad bien\u00e1ln\u00edmi novinkami kongres <strong>AORA 2019<\/strong> se konal v Nov\u00e9 budov\u011b N\u00e1rodn\u00edho muzea v <strong>Praze dne 14. prosince 2019.<\/strong><\/p>\n<p>Kongres m\u00e1 dlouholetou, p\u0159edv\u00e1no\u010dn\u00ed\u00a0 tradici a v\u011bnuje se v\u017edy p\u0159edev\u0161\u00edm novink\u00e1m za posledn\u00ed rok v postgradu\u00e1ln\u00edm pojet\u00ed a za\u0159azuje i v\u00edce hodinov\u00fdch sekc\u00ed s kazuistikami. Ty jsou obzvl\u00e1\u0161t\u011b obl\u00edben\u00e9; mapuj\u00ed v\u017edy zaj\u00edmav\u00e9 a pou\u010dn\u00e9 p\u0159\u00edpady, \u010dasto raritn\u00ed, s komplikacemi, n\u00e1ro\u010dn\u00fdmi na neodkladn\u00e1 \u0159e\u0161en\u00ed, s p\u0159\u00edzniv\u00fdm a bohu\u017eel i nep\u0159\u00edzniv\u00fdm vy\u00fast\u011bn\u00edm, a s rozborem a pou\u010den\u00edm pro v\u0161echny budouc\u00ed z\u00e1ludnosti na sty\u010dn\u00e9 hranici obou obor\u016f. Je doprov\u00e1zen v\u00fdstavou nov\u00fdch p\u0159\u00edpravk\u016f i technick\u00e9ho vybaven\u00ed pro porodnictv\u00ed, pro t\u011bhotn\u00e9, pro maminky, s mo\u017enost\u00ed n\u00e1kupu odborn\u00fdch kni\u017en\u00edch novinek, podpo\u0159en sponsory a v\u0161estrannou kvalitn\u00ed organizac\u00ed.<\/p>\n<p><strong>Po\u0159adatel:<br \/><\/strong>MCC Health Academy<br \/>Gynekologicko \u2013 porodnick\u00e1 klinika 1. LF UK a VFN v Praze<br \/>Sekce analgezie a anestezie v porodnictv\u00ed p\u0159i \u010cGPS \u010cLS JEP<br \/>\u010cesk\u00e1 spole\u010dnost porodn\u00edch asistentek z. s.<\/p>\n<p><strong>Garant:<\/strong><br \/>prof. MUDr. Anton\u00edn Pa\u0159\u00edzek, CSc.<br \/><em>p\u0159edseda\u00a0Sekce analgezie a anestezie v porodnictv\u00ed pri \u010cGPS \u010cLS JE<\/em>P<\/p>\n<p><strong>Z\u00e1\u0161tita:<br \/><\/strong>prof. MUDr. Tom\u00e1\u0161 Zima, DrSc., MBA<br \/><em>rektor Univerzity Karlovy v Praze<\/em><\/p>\n<p>prof. MUDr. Alexi \u0160edo, DrSc.<br \/><em>d\u011bkan 1. LF UK v Praze<\/em><\/p>\n<p><strong>Program:<\/strong><br \/><a href=\"https:\/\/www.porodniasistentky.info\/wp-content\/uploads\/2019\/12\/AORA-2019-program-K-II.pdf\" class=\"mtli_attachment mtli_pdf\">AORA 2019 program<\/a><\/p>\n","protected":false},"excerpt":{"rendered":"<p>Tradi\u010dn\u00ed setk\u00e1n\u00ed nad bien\u00e1ln\u00edmi novinkami kongres AORA 2019 se konal v Nov\u00e9 budov\u011b N\u00e1rodn\u00edho muzea v Praze dne 14. prosince 2019. Kongres m\u00e1 dlouholetou, p\u0159edv\u00e1no\u010dn\u00ed\u00a0 tradici a v\u011bnuje se v\u017edy p\u0159edev\u0161\u00edm novink\u00e1m za posledn\u00ed rok v postgradu\u00e1ln\u00edm pojet\u00ed a za\u0159azuje<\/p>\n","protected":false},"author":3,"featured_media":0,"parent":2956,"menu_order":0,"comment_status":"closed","ping_status":"closed","template":"","meta":{"inline_featured_image":false,"footnotes":""},"class_list":["post-5174","page","type-page","status-publish","hentry","","tg-column-two"],"_links":{"self":[{"href":"https:\/\/www.porodniasistentky.info\/index.php\/wp-json\/wp\/v2\/pages\/5174","targetHints":{"allow":["GET"]}}],"collection":[{"href":"https:\/\/www.porodniasistentky.info\/index.php\/wp-json\/wp\/v2\/pages"}],"about":[{"href":"https:\/\/www.porodniasistentky.info\/index.php\/wp-json\/wp\/v2\/types\/page"}],"author":[{"embeddable":true,"href":"https:\/\/www.porodniasistentky.info\/index.php\/wp-json\/wp\/v2\/users\/3"}],"replies":[{"embeddable":true,"href":"https:\/\/www.porodniasistentky.info\/index.php\/wp-json\/wp\/v2\/comments?post=5174"}],"version-history":[{"count":9,"href":"https:\/\/www.porodniasistentky.info\/index.php\/wp-json\/wp\/v2\/pages\/5174\/revisions"}],"predecessor-version":[{"id":7693,"href":"https:\/\/www.porodniasistentky.info\/index.php\/wp-json\/wp\/v2\/pages\/5174\/revisions\/7693"}],"up":[{"embeddable":true,"href":"https:\/\/www.porodniasistentky.info\/index.php\/wp-json\/wp\/v2\/pages\/2956"}],"wp:attachment":[{"href":"https:\/\/www.porodniasistentky.info\/index.php\/wp-json\/wp\/v2\/media?parent=5174"}],"curies":[{"name":"wp","href":"https:\/\/api.w.org\/{rel}","templated":true}]}}