{"id":517,"date":"2016-11-03T11:00:25","date_gmt":"2016-11-03T10:00:25","guid":{"rendered":"http:\/\/porodniasistentky.3sixty.eu\/?page_id=517"},"modified":"2016-11-03T18:54:50","modified_gmt":"2016-11-03T17:54:50","slug":"kojeni-v-cr","status":"publish","type":"page","link":"https:\/\/www.porodniasistentky.info\/index.php\/kojeni-v-cr\/","title":{"rendered":"Kojen\u00ed v \u010cR"},"content":{"rendered":"<h1>Ml\u00e9\u010dn\u00e9 Banky<img fetchpriority=\"high\" decoding=\"async\" class=\"alignright\" src=\"https:\/\/www.porodnice.cz\/sites\/default\/files\/styles\/standard_node_detail_primary_img\/public\/images\/2016-11\/mlecna_banka.png?itok=mx2FQZRp\" alt=\"Ml\u00e9\u010dn\u00e9 banky v \u010cR - obr\u00e1zek\" width=\"341\" height=\"192\" \/><\/h1>\n<div class=\"l-content\">\n<article class=\"node node--book node--full node--book--full\">\n<div class=\"main-image\">\n<div class=\"image-wrapper\">\n<div class=\"image-box\">Mate\u0159sk\u00e9 ml\u00e9ko je jedinou fyziologickou potravou novorozence a kojence. Jestli\u017ee d\u00edt\u011b nem\u016f\u017ee b\u00fdt z jak\u00fdchkoliv d\u016fvod\u016f kojeno, m\u011bla by mu b\u00fdt poskytnuta plnohodnotn\u00e1 n\u00e1hrada. K tomuto \u00fa\u010delu za\u010daly ve sv\u011bt\u011b p\u0159i nemocnic\u00edch vznikat banky mate\u0159sk\u00e9ho ml\u00e9ka.<\/div>\n<\/div>\n<\/div>\n<div class=\"node__content\">\n<div class=\"content\">\n<div class=\"field field--name-body field--type-text-with-summary field--label-hidden\">\n<div class=\"field__items\">\n<div class=\"field__item even\">\n<p><strong>Kontakty na ml\u00e9\u010dn\u00e9 banky v \u010cR:<\/strong><\/p>\n<h3><strong>Praha:<\/strong><\/h3>\n<p><a class=\"ext\" href=\"https:\/\/www.upmd.cz\/o-nas\/odborna-pracoviste\/pediatrie\/mlecna-banka\/\">\u00dastav pro p\u00e9\u010di o matku a d\u00edt\u011b<br \/>\n<\/a>Podolsk\u00e9 n\u00e1b\u0159e\u017e\u00ed 157\/36<br \/>\n147 00 Praha 4 &#8211; Podol\u00ed<br \/>\np\u0159\u00edzem\u00ed hlavn\u00ed budovy \u00daPMD<br \/>\ntelefon: 296 511\u00a0522<br \/>\ne-mail:\u00a0<a class=\"mailto\" href=\"mailto:mlecna.kuchyn@upmd.eu\">mlecna.kuchyn@upmd.eu<\/a><\/p>\n<h3><strong>\u010cesk\u00e9 Bud\u011bjovice:<img decoding=\"async\" class=\"alignright\" src=\"https:\/\/www.porodnice.cz\/sites\/default\/files\/foto_web\/mlecna_banka1.png\" alt=\"\" width=\"339\" height=\"480\" \/><br \/>\n<\/strong><\/h3>\n<p><a class=\"ext\" href=\"https:\/\/www.nemcb.cz\/banka-materskeho-mleka\/\">Nemocnice \u010cesk\u00e9 Bud\u011bjovice, a.s.<br \/>\nB. N\u011bmcov\u00e9 585\/54<br \/>\n370 01 \u010cesk\u00e9 Bud\u011bjovice<br \/>\n<\/a>Sestra BMM: Mark\u00e9ta T\u016fmov\u00e1<br \/>\nTel:\u00a0387 87 5738<br \/>\n<a class=\"mailto\" href=\"mailto:zenske@nemcb.cz\">zenske@nemcb.cz<\/a><\/p>\n<h3><strong>Hradec Kr\u00e1lov\u00e9:<\/strong><\/h3>\n<p><a class=\"ext\" href=\"https:\/\/www.fnhk.cz\/tku\/struktura-pracoviste\">Fakultn\u00ed nemocnice Hradec Kr\u00e1lov\u00e9<br \/>\nSokolsk\u00e1 581<br \/>\n500 05 Hradec Kr\u00e1lov\u00e9<br \/>\n<\/a>Tel:\u00a0\u00a0495 831 111<\/p>\n<h3><strong>Most:<\/strong><\/h3>\n<p><a class=\"ext\" href=\"https:\/\/www.kzcr.eu\/zdravotnicka-pracoviste\/gynekologicko-porodnicke-oddeleni.aspx?id=74841717-c2bc-4551-8b28-e21574f3dcad&amp;group=gynekologicke-a-porodnicke\">Nemocnice Most<br \/>\nJ. E. Purkyn\u011b 270<br \/>\n434 64 \u00a0Most<br \/>\n<\/a>Tel:\u00a0478 031 111<br \/>\nEmail:\u00a0<a class=\"mailto\" href=\"mailto:dana.polanska@kzcr.eu\">dana.polanska@kzcr.eu<\/a><\/p>\n<h3><strong>\u010cesk\u00e1 L\u00edpa:<\/strong><\/h3>\n<p><a class=\"ext\" href=\"https:\/\/www.nemcl.cz\/gynekologicko-porodnicke-oddeleni\/\">Nemocnice s poliklinikou \u010cesk\u00e1 L\u00edpa<br \/>\nPurky\u0148ova 1849<br \/>\n470 77 \u00a0\u010cesk\u00e1 L\u00edpa<\/a><br \/>\nTel:\u00a0487 954 802<br \/>\nEmail:\u00a0<a class=\"mailto\" href=\"mailto:hana.kandlerov@nemcl.cz\">hana.kandlerov@nemcl.cz<\/a><\/p>\n<p>&nbsp;<\/p>\n<p>D\u00e1rkyn\u00ed mate\u0159sk\u00e9ho ml\u00e9ka se m\u016f\u017ee st\u00e1t ka\u017ed\u00e1 zdrav\u00e1 \u017eena s p\u0159ebytky mate\u0159sk\u00e9ho ml\u00e9ka, kter\u00e1:<\/p>\n<ol>\n<li>neu\u017e\u00edv\u00e1 \u017e\u00e1dn\u00e9 l\u00e9ky<\/li>\n<li>kter\u00e1 podstoup\u00ed povinn\u00e1 vstupn\u00ed vy\u0161et\u0159en\u00ed.<\/li>\n<\/ol>\n<p>Ml\u00e9ko doma matka odst\u0159\u00edk\u00e1v\u00e1 a mraz\u00ed, pot\u00e9 je ml\u00e9ko\u00a0p\u0159iv\u00e1\u017eeno do ml\u00e9\u010dn\u00e9 banky. Toto ml\u00e9ko je vy\u0161et\u0159eno, pasterizov\u00e1no a uchov\u00e1v\u00e1no v mraz\u00edc\u00edm za\u0159\u00edzen\u00ed ml\u00e9\u010dn\u00e9 banky, odkud je distribuov\u00e1no bu\u010f na jednotliv\u00e1 novorozeneck\u00e1 odd\u011blen\u00ed.Je-li mate\u0159sk\u00e9ho ml\u00e9ka v ml\u00e9\u010dn\u00e9 bance dostatek, je mo\u017en\u00fd i jeho prodej pro novorozence a kojence propu\u0161t\u011bn\u00e9 dom\u016f.<\/p>\n<\/div>\n<\/div>\n<\/div>\n<\/div>\n<\/div>\n<\/article>\n<\/div>\n<p>&nbsp;<\/p>\n","protected":false},"excerpt":{"rendered":"<p>Ml\u00e9\u010dn\u00e9 Banky Mate\u0159sk\u00e9 ml\u00e9ko je jedinou fyziologickou potravou novorozence a kojence. Jestli\u017ee d\u00edt\u011b nem\u016f\u017ee b\u00fdt z jak\u00fdchkoliv d\u016fvod\u016f kojeno, m\u011bla by mu b\u00fdt poskytnuta plnohodnotn\u00e1 n\u00e1hrada. K tomuto \u00fa\u010delu za\u010daly ve sv\u011bt\u011b p\u0159i nemocnic\u00edch vznikat banky mate\u0159sk\u00e9ho ml\u00e9ka. Kontakty na<\/p>\n","protected":false},"author":2,"featured_media":0,"parent":0,"menu_order":0,"comment_status":"closed","ping_status":"closed","template":"","meta":{"inline_featured_image":false,"footnotes":""},"class_list":["post-517","page","type-page","status-publish","hentry","","tg-column-two"],"_links":{"self":[{"href":"https:\/\/www.porodniasistentky.info\/index.php\/wp-json\/wp\/v2\/pages\/517","targetHints":{"allow":["GET"]}}],"collection":[{"href":"https:\/\/www.porodniasistentky.info\/index.php\/wp-json\/wp\/v2\/pages"}],"about":[{"href":"https:\/\/www.porodniasistentky.info\/index.php\/wp-json\/wp\/v2\/types\/page"}],"author":[{"embeddable":true,"href":"https:\/\/www.porodniasistentky.info\/index.php\/wp-json\/wp\/v2\/users\/2"}],"replies":[{"embeddable":true,"href":"https:\/\/www.porodniasistentky.info\/index.php\/wp-json\/wp\/v2\/comments?post=517"}],"version-history":[{"count":7,"href":"https:\/\/www.porodniasistentky.info\/index.php\/wp-json\/wp\/v2\/pages\/517\/revisions"}],"predecessor-version":[{"id":530,"href":"https:\/\/www.porodniasistentky.info\/index.php\/wp-json\/wp\/v2\/pages\/517\/revisions\/530"}],"wp:attachment":[{"href":"https:\/\/www.porodniasistentky.info\/index.php\/wp-json\/wp\/v2\/media?parent=517"}],"curies":[{"name":"wp","href":"https:\/\/api.w.org\/{rel}","templated":true}]}}