{"id":450,"date":"2016-10-13T13:45:28","date_gmt":"2016-10-13T12:45:28","guid":{"rendered":"http:\/\/porodniasistentky.3sixty.eu\/?page_id=450"},"modified":"2016-10-13T13:48:05","modified_gmt":"2016-10-13T12:48:05","slug":"tehotenska-cukrovka-ii","status":"publish","type":"page","link":"https:\/\/www.porodniasistentky.info\/index.php\/pruzkumy\/tehotenska-cukrovka-ii\/","title":{"rendered":"T\u011bhotensk\u00e1 cukrovka II"},"content":{"rendered":"<p>\u010cesk\u00e1 spole\u010dnost porodn\u00ed asistentek se za\u0159adila do programu nov\u00fdch doporu\u010den\u00fdch postup\u016f pro diagnostikov\u00e1n\u00ed t\u011bhotensk\u00e9 cukrovky.<\/p>\n<p>Na z\u00e1klad\u011b sb\u011bru \u00a0dat z roku 2015, byly vypracov\u00e1ny nov\u00e9 doporu\u010den\u00e9 postupy, kter\u00e9 byly p\u0159edb\u011b\u017en\u011b schv\u00e1leny jako testovac\u00ed verze na jeden rok \u010ceskou gynekologicko \u2013 porodnickou spole\u010dnost\u00ed \u00a0\u010cLS JEP.<\/p>\n<p>Nyn\u00ed p\u0159ipravujeme srovn\u00e1vac\u00ed studii. Touto cestou v\u00e1s \u017e\u00e1d\u00e1me o vypln\u011bn\u00ed srovn\u00e1vac\u00edho dotazn\u00edku.<\/p>\n<p><a href=\"https:\/\/www.survio.com\/survey\/d\/tehotenska-cukrovka-ii\">Dotazn\u00edk m\u016f\u017eete vyplnit zde.<\/a><\/p>\n<p>&nbsp;<\/p>\n","protected":false},"excerpt":{"rendered":"<p>\u010cesk\u00e1 spole\u010dnost porodn\u00ed asistentek se za\u0159adila do programu nov\u00fdch doporu\u010den\u00fdch postup\u016f pro diagnostikov\u00e1n\u00ed t\u011bhotensk\u00e9 cukrovky. Na z\u00e1klad\u011b sb\u011bru \u00a0dat z roku 2015, byly vypracov\u00e1ny nov\u00e9 doporu\u010den\u00e9 postupy, kter\u00e9 byly p\u0159edb\u011b\u017en\u011b schv\u00e1leny jako testovac\u00ed verze na jeden rok \u010ceskou gynekologicko \u2013<\/p>\n","protected":false},"author":2,"featured_media":0,"parent":96,"menu_order":0,"comment_status":"closed","ping_status":"closed","template":"","meta":{"inline_featured_image":false,"footnotes":""},"class_list":["post-450","page","type-page","status-publish","hentry","","tg-column-two"],"_links":{"self":[{"href":"https:\/\/www.porodniasistentky.info\/index.php\/wp-json\/wp\/v2\/pages\/450","targetHints":{"allow":["GET"]}}],"collection":[{"href":"https:\/\/www.porodniasistentky.info\/index.php\/wp-json\/wp\/v2\/pages"}],"about":[{"href":"https:\/\/www.porodniasistentky.info\/index.php\/wp-json\/wp\/v2\/types\/page"}],"author":[{"embeddable":true,"href":"https:\/\/www.porodniasistentky.info\/index.php\/wp-json\/wp\/v2\/users\/2"}],"replies":[{"embeddable":true,"href":"https:\/\/www.porodniasistentky.info\/index.php\/wp-json\/wp\/v2\/comments?post=450"}],"version-history":[{"count":3,"href":"https:\/\/www.porodniasistentky.info\/index.php\/wp-json\/wp\/v2\/pages\/450\/revisions"}],"predecessor-version":[{"id":453,"href":"https:\/\/www.porodniasistentky.info\/index.php\/wp-json\/wp\/v2\/pages\/450\/revisions\/453"}],"up":[{"embeddable":true,"href":"https:\/\/www.porodniasistentky.info\/index.php\/wp-json\/wp\/v2\/pages\/96"}],"wp:attachment":[{"href":"https:\/\/www.porodniasistentky.info\/index.php\/wp-json\/wp\/v2\/media?parent=450"}],"curies":[{"name":"wp","href":"https:\/\/api.w.org\/{rel}","templated":true}]}}