{"id":43794,"date":"2025-02-04T10:03:06","date_gmt":"2025-02-04T09:03:06","guid":{"rendered":"https:\/\/www.porodniasistentky.info\/?page_id=43794"},"modified":"2025-06-19T11:23:08","modified_gmt":"2025-06-19T10:23:08","slug":"vzdelavani-2025","status":"publish","type":"page","link":"https:\/\/www.porodniasistentky.info\/index.php\/vzdelavani\/vzdelavani-2025\/","title":{"rendered":"Vzd\u011bl\u00e1v\u00e1n\u00ed 2025"},"content":{"rendered":"\n<p style=\"text-align: left;\"><strong>P\u0159ehled kongres\u016f, konferenc\u00ed a semin\u00e1\u0159\u016f pro l\u00e9ka\u0159e\u00a0i nel\u00e9ka\u0159sk\u00e1 povol\u00e1n\u00ed\u00a0na rok 2025<\/strong><\/p>\n<table>\n<tbody>\n<tr>\n<td class=\"has-text-align-center wp-block-table__cell-content\" style=\"text-align: center;\">\n<div class=\"block-editor-rich-text__editable rich-text\" role=\"textbox\" contenteditable=\"true\" aria-multiline=\"true\" aria-label=\"Text hlavn\u00ed bu\u0148ky\"><strong data-rich-text-format-boundary=\"true\">\u00a02025<\/strong><\/div>\n<\/td>\n<td class=\"has-text-align-center wp-block-table__cell-content\">\n<div class=\"block-editor-rich-text__editable rich-text\" role=\"textbox\" contenteditable=\"true\" aria-multiline=\"true\" aria-label=\"Text hlavn\u00ed bu\u0148ky\"><strong>Popis akce<\/strong><\/div>\n<\/td>\n<td class=\"has-text-align-center wp-block-table__cell-content\">\n<div class=\"block-editor-rich-text__editable rich-text\" role=\"textbox\" contenteditable=\"true\" aria-multiline=\"true\" aria-label=\"Text hlavn\u00ed bu\u0148ky\"><strong>M\u00edsto kon\u00e1n\u00ed<\/strong><\/div>\n<\/td>\n<td class=\"has-text-align-center wp-block-table__cell-content\">\n<div class=\"block-editor-rich-text__editable rich-text\" role=\"textbox\" contenteditable=\"true\" aria-multiline=\"true\" aria-label=\"Text hlavn\u00ed bu\u0148ky\"><strong>Detail akce<\/strong><\/div>\n<\/td>\n<\/tr>\n<tr>\n<td class=\"has-text-align-center wp-block-table__cell-content\" style=\"text-align: center;\">\n<div class=\"block-editor-rich-text__editable rich-text\" role=\"textbox\" contenteditable=\"true\" aria-multiline=\"true\" aria-label=\"Text hlavn\u00ed bu\u0148ky\">5. dubna<\/div>\n<\/td>\n<td class=\"has-text-align-center wp-block-table__cell-content\" style=\"text-align: left;\">\n<div class=\"block-editor-rich-text__editable rich-text\" role=\"textbox\" contenteditable=\"true\" aria-multiline=\"true\" aria-label=\"Text hlavn\u00ed bu\u0148ky\">70. Apolin\u00e1\u0159sk\u00fd kurz porodnick\u00e9 analgezie a anestezie<\/div>\n<\/td>\n<td>\n<div class=\"block-editor-rich-text__editable rich-text\" role=\"textbox\" aria-multiline=\"true\" aria-label=\"Text hlavn\u00ed bu\u0148ky\">Praha<\/div>\n<\/td>\n<td>\n<div class=\"block-editor-rich-text__editable rich-text\" role=\"textbox\" aria-multiline=\"true\" aria-label=\"Text hlavn\u00ed bu\u0148ky\">Registrace<\/div>\n<\/td>\n<\/tr>\n<tr>\n<td style=\"text-align: center;\">\n<div class=\"block-editor-rich-text__editable rich-text\" role=\"textbox\" aria-multiline=\"true\" aria-label=\"Text hlavn\u00ed bu\u0148ky\">24. \u2013 26. dubna<\/div>\n<\/td>\n<td style=\"text-align: left;\">\n<div class=\"block-editor-rich-text__editable rich-text\" role=\"textbox\" aria-multiline=\"true\" aria-label=\"Text hlavn\u00ed bu\u0148ky\">XL. celost\u00e1tn\u00ed konference sekce PERINATOLOGIE A FETOMATERN\u00c1LN\u00cd MEDIC\u00cdNY \u2013 \u0160TEMBEROVY DNY<\/div>\n<\/td>\n<td>\n<div class=\"block-editor-rich-text__editable rich-text\" role=\"textbox\" aria-multiline=\"true\" aria-label=\"Text hlavn\u00ed bu\u0148ky\">Praha<\/div>\n<\/td>\n<td>\n<div class=\"block-editor-rich-text__editable rich-text\" role=\"textbox\" aria-multiline=\"true\" aria-label=\"Text hlavn\u00ed bu\u0148ky\">\u00a0<\/div>\n<div role=\"textbox\" aria-multiline=\"true\" aria-label=\"Text hlavn\u00ed bu\u0148ky\">Registrace<\/div>\n<\/td>\n<\/tr>\n<tr>\n<td style=\"text-align: center;\">\n<div class=\"block-editor-rich-text__editable rich-text\" role=\"textbox\" aria-multiline=\"true\" aria-label=\"Text hlavn\u00ed bu\u0148ky\">29. kv\u011btna \u2013 1. \u010dervna<\/div>\n<\/td>\n<td style=\"text-align: left;\">\n<div class=\"block-editor-rich-text__editable rich-text\" role=\"textbox\" aria-multiline=\"true\" aria-label=\"Text hlavn\u00ed bu\u0148ky\">Kongres \u010cGPS \u010cLS JEP s mezin\u00e1rodn\u00ed \u00fa\u010dast\u00ed<\/div>\n<\/td>\n<td>\n<div class=\"block-editor-rich-text__editable rich-text\" role=\"textbox\" aria-multiline=\"true\" aria-label=\"Text hlavn\u00ed bu\u0148ky\">Karlovy Vary<\/div>\n<\/td>\n<td>\n<div class=\"block-editor-rich-text__editable rich-text\" role=\"textbox\" aria-multiline=\"true\" aria-label=\"Text hlavn\u00ed bu\u0148ky\">Registrace<\/div>\n<\/td>\n<\/tr>\n<tr>\n<td style=\"text-align: center;\">\n<div class=\"block-editor-rich-text__editable rich-text\" role=\"textbox\" aria-multiline=\"true\" aria-label=\"Text hlavn\u00ed bu\u0148ky\">12. a 13. prosince<\/div>\n<\/td>\n<td style=\"text-align: left;\">\n<div class=\"block-editor-rich-text__editable rich-text\" role=\"textbox\" aria-multiline=\"true\" aria-label=\"Text hlavn\u00ed bu\u0148ky\">AORA 2025 (Academy of Obstetric Analgesia and Anaesthesia)<\/div>\n<\/td>\n<td>\n<div class=\"block-editor-rich-text__editable rich-text\" role=\"textbox\" aria-multiline=\"true\" aria-label=\"Text hlavn\u00ed bu\u0148ky\">Praha<\/div>\n<\/td>\n<td>\n<div class=\"block-editor-rich-text__editable rich-text\" role=\"textbox\" aria-multiline=\"true\" aria-label=\"Text hlavn\u00ed bu\u0148ky\"><a href=\"https:\/\/www.lekaridnes.cz\/index.php\/vzdelavani\/vzdelavani-2025\/aora-2025\/registrace\/\">Registrace<\/a><\/div>\n<\/td>\n<\/tr>\n<\/tbody>\n<\/table>\n\n\n\n\n","protected":false},"excerpt":{"rendered":"<p>P\u0159ehled kongres\u016f, konferenc\u00ed a semin\u00e1\u0159\u016f pro l\u00e9ka\u0159e\u00a0i nel\u00e9ka\u0159sk\u00e1 povol\u00e1n\u00ed\u00a0na rok 2025 \u00a02025 Popis akce M\u00edsto kon\u00e1n\u00ed Detail akce 5. dubna 70. Apolin\u00e1\u0159sk\u00fd kurz porodnick\u00e9 analgezie a anestezie Praha Registrace 24. \u2013 26. dubna XL. celost\u00e1tn\u00ed konference sekce PERINATOLOGIE A FETOMATERN\u00c1LN\u00cd<\/p>\n","protected":false},"author":5,"featured_media":0,"parent":64,"menu_order":-4,"comment_status":"closed","ping_status":"closed","template":"","meta":{"inline_featured_image":false,"footnotes":""},"class_list":["post-43794","page","type-page","status-publish","hentry","","tg-column-two"],"_links":{"self":[{"href":"https:\/\/www.porodniasistentky.info\/index.php\/wp-json\/wp\/v2\/pages\/43794","targetHints":{"allow":["GET"]}}],"collection":[{"href":"https:\/\/www.porodniasistentky.info\/index.php\/wp-json\/wp\/v2\/pages"}],"about":[{"href":"https:\/\/www.porodniasistentky.info\/index.php\/wp-json\/wp\/v2\/types\/page"}],"author":[{"embeddable":true,"href":"https:\/\/www.porodniasistentky.info\/index.php\/wp-json\/wp\/v2\/users\/5"}],"replies":[{"embeddable":true,"href":"https:\/\/www.porodniasistentky.info\/index.php\/wp-json\/wp\/v2\/comments?post=43794"}],"version-history":[{"count":4,"href":"https:\/\/www.porodniasistentky.info\/index.php\/wp-json\/wp\/v2\/pages\/43794\/revisions"}],"predecessor-version":[{"id":46639,"href":"https:\/\/www.porodniasistentky.info\/index.php\/wp-json\/wp\/v2\/pages\/43794\/revisions\/46639"}],"up":[{"embeddable":true,"href":"https:\/\/www.porodniasistentky.info\/index.php\/wp-json\/wp\/v2\/pages\/64"}],"wp:attachment":[{"href":"https:\/\/www.porodniasistentky.info\/index.php\/wp-json\/wp\/v2\/media?parent=43794"}],"curies":[{"name":"wp","href":"https:\/\/api.w.org\/{rel}","templated":true}]}}