{"id":42,"date":"2016-05-12T11:30:56","date_gmt":"2016-05-12T10:30:56","guid":{"rendered":"http:\/\/porodniasistentky.3sixty.eu\/?page_id=42"},"modified":"2023-02-15T15:52:10","modified_gmt":"2023-02-15T14:52:10","slug":"predsednictvo-cspa","status":"publish","type":"page","link":"https:\/\/www.porodniasistentky.info\/index.php\/predsednictvo-cspa\/","title":{"rendered":"P\u0159edsednictvo \u010cSPA"},"content":{"rendered":"<h3><\/h3>\n<h3>Petra Pa\u0159\u00edzkov\u00e1<\/h3>\n<p>P\u0159edsedkyn\u011b \u010cSPA<\/p>\n<p><em>e-mail: parizkova@porodniasistentky.info\u00a0<\/em><\/p>\n<p>tel. kontakt: +420 721 236 292<\/p>\n<h3>Ph.Dr. Mark\u00e9ta \u0160koloudov\u00e1<\/h3>\n<p>M\u00edstop\u0159edsedkyn\u011b<\/p>\n<p><em>e-mail:\u00a0 skoloudova@porodniasistentky.info\u00a0<\/em><\/p>\n<p>tel. kontakt: +420 733 332 360<\/p>\n<h3>Bc. Kv\u011btoslava Dofkov\u00e1<\/h3>\n<p>Pokladn\u00edk<\/p>\n<p><em>e-mail: dofkova@porodniasistentky.info\u00a0<\/em><\/p>\n<p>tel. kontakt: +420 722 636 855<\/p>\n","protected":false},"excerpt":{"rendered":"<p>Petra Pa\u0159\u00edzkov\u00e1 P\u0159edsedkyn\u011b \u010cSPA e-mail: parizkova@porodniasistentky.info\u00a0 tel. kontakt: +420 721 236 292 Ph.Dr. Mark\u00e9ta \u0160koloudov\u00e1 M\u00edstop\u0159edsedkyn\u011b e-mail:\u00a0 skoloudova@porodniasistentky.info\u00a0 tel. kontakt: +420 733 332 360 Bc. Kv\u011btoslava Dofkov\u00e1 Pokladn\u00edk e-mail: dofkova@porodniasistentky.info\u00a0 tel. kontakt: +420 722 636 855<\/p>\n","protected":false},"author":2,"featured_media":0,"parent":0,"menu_order":0,"comment_status":"closed","ping_status":"closed","template":"","meta":{"inline_featured_image":false,"footnotes":""},"class_list":["post-42","page","type-page","status-publish","hentry","","tg-column-two"],"_links":{"self":[{"href":"https:\/\/www.porodniasistentky.info\/index.php\/wp-json\/wp\/v2\/pages\/42","targetHints":{"allow":["GET"]}}],"collection":[{"href":"https:\/\/www.porodniasistentky.info\/index.php\/wp-json\/wp\/v2\/pages"}],"about":[{"href":"https:\/\/www.porodniasistentky.info\/index.php\/wp-json\/wp\/v2\/types\/page"}],"author":[{"embeddable":true,"href":"https:\/\/www.porodniasistentky.info\/index.php\/wp-json\/wp\/v2\/users\/2"}],"replies":[{"embeddable":true,"href":"https:\/\/www.porodniasistentky.info\/index.php\/wp-json\/wp\/v2\/comments?post=42"}],"version-history":[{"count":15,"href":"https:\/\/www.porodniasistentky.info\/index.php\/wp-json\/wp\/v2\/pages\/42\/revisions"}],"predecessor-version":[{"id":30338,"href":"https:\/\/www.porodniasistentky.info\/index.php\/wp-json\/wp\/v2\/pages\/42\/revisions\/30338"}],"wp:attachment":[{"href":"https:\/\/www.porodniasistentky.info\/index.php\/wp-json\/wp\/v2\/media?parent=42"}],"curies":[{"name":"wp","href":"https:\/\/api.w.org\/{rel}","templated":true}]}}