{"id":415,"date":"2016-09-01T07:02:21","date_gmt":"2016-09-01T06:02:21","guid":{"rendered":"http:\/\/porodniasistentky.3sixty.eu\/?page_id=415"},"modified":"2017-08-15T13:14:43","modified_gmt":"2017-08-15T12:14:43","slug":"mezinarodni-spoluprace","status":"publish","type":"page","link":"https:\/\/www.porodniasistentky.info\/index.php\/mezinarodni-spoluprace\/","title":{"rendered":"Mezin\u00e1rodn\u00ed spolupr\u00e1ce"},"content":{"rendered":"<h3><img decoding=\"async\" class=\"wp-image-1062 alignleft\" src=\"https:\/\/www.porodniasistentky.info\/wp-content\/uploads\/2016\/09\/IMG-20161130-WA0003-1-202x300.jpg\" alt=\"\" width=\"142\" height=\"211\" srcset=\"https:\/\/www.porodniasistentky.info\/wp-content\/uploads\/2016\/09\/IMG-20161130-WA0003-1-202x300.jpg 202w, https:\/\/www.porodniasistentky.info\/wp-content\/uploads\/2016\/09\/IMG-20161130-WA0003-1.jpg 465w\" sizes=\"(max-width: 142px) 100vw, 142px\" \/>Dis. Darina Sm\u00ed\u0161kov\u00e1<\/h3>\n<p>Porodn\u00ed asistentka zvolen\u00e1 pro zahrani\u010dn\u00ed komunikaci<br \/>\na komunikaci s ICM <em>(International Confederation of Midwives)<\/em><\/p>\n<p><em>e -mail:<\/em> smiskova.cspa@seznam.cz<\/p>\n<p>tel. kontakt:<\/p>\n<p>&nbsp;<\/p>\n","protected":false},"excerpt":{"rendered":"<p>Dis. Darina Sm\u00ed\u0161kov\u00e1 Porodn\u00ed asistentka zvolen\u00e1 pro zahrani\u010dn\u00ed komunikaci a komunikaci s ICM (International Confederation of Midwives) e -mail: smiskova.cspa@seznam.cz tel. kontakt: &nbsp;<\/p>\n","protected":false},"author":2,"featured_media":0,"parent":0,"menu_order":0,"comment_status":"closed","ping_status":"closed","template":"","meta":{"inline_featured_image":false,"footnotes":""},"class_list":["post-415","page","type-page","status-publish","hentry","","tg-column-two"],"_links":{"self":[{"href":"https:\/\/www.porodniasistentky.info\/index.php\/wp-json\/wp\/v2\/pages\/415","targetHints":{"allow":["GET"]}}],"collection":[{"href":"https:\/\/www.porodniasistentky.info\/index.php\/wp-json\/wp\/v2\/pages"}],"about":[{"href":"https:\/\/www.porodniasistentky.info\/index.php\/wp-json\/wp\/v2\/types\/page"}],"author":[{"embeddable":true,"href":"https:\/\/www.porodniasistentky.info\/index.php\/wp-json\/wp\/v2\/users\/2"}],"replies":[{"embeddable":true,"href":"https:\/\/www.porodniasistentky.info\/index.php\/wp-json\/wp\/v2\/comments?post=415"}],"version-history":[{"count":5,"href":"https:\/\/www.porodniasistentky.info\/index.php\/wp-json\/wp\/v2\/pages\/415\/revisions"}],"predecessor-version":[{"id":1083,"href":"https:\/\/www.porodniasistentky.info\/index.php\/wp-json\/wp\/v2\/pages\/415\/revisions\/1083"}],"wp:attachment":[{"href":"https:\/\/www.porodniasistentky.info\/index.php\/wp-json\/wp\/v2\/media?parent=415"}],"curies":[{"name":"wp","href":"https:\/\/api.w.org\/{rel}","templated":true}]}}