{"id":360,"date":"2016-08-18T10:31:46","date_gmt":"2016-08-18T09:31:46","guid":{"rendered":"http:\/\/porodniasistentky.3sixty.eu\/?page_id=360"},"modified":"2016-08-23T15:34:00","modified_gmt":"2016-08-23T14:34:00","slug":"diplom-porodni-baby","status":"publish","type":"page","link":"https:\/\/www.porodniasistentky.info\/index.php\/historie\/diplom-porodni-baby\/","title":{"rendered":"Diplom porodn\u00ed b\u00e1by 1932"},"content":{"rendered":"<p><a href=\"https:\/\/www.porodniasistentky.info\/wp-content\/uploads\/2016\/08\/diplom_historie.jpg\" data-rel=\"lightbox-image-0\" data-rl_title=\"\" data-rl_caption=\"\" title=\"\"><img fetchpriority=\"high\" decoding=\"async\" class=\"aligncenter wp-image-382 size-full\" src=\"https:\/\/www.porodniasistentky.info\/wp-content\/uploads\/2016\/08\/diplom_historie.jpg\" alt=\"diplom_historie\" width=\"555\" height=\"827\" srcset=\"https:\/\/www.porodniasistentky.info\/wp-content\/uploads\/2016\/08\/diplom_historie.jpg 555w, https:\/\/www.porodniasistentky.info\/wp-content\/uploads\/2016\/08\/diplom_historie-201x300.jpg 201w\" sizes=\"(max-width: 555px) 100vw, 555px\" \/><\/a><\/p>\n<p>U\u010debnice pro porodn\u00ed asistentky &#8211; rok vyd\u00e1n\u00ed \u00a01932<br \/>\nMUDr. FRANTI\u0160EK PACHNER, prim\u00e1\u0159 porodnicko &#8211; gynekologick\u00e9ho odd\u011blen\u00ed st\u00e1tn\u00ed nemocnice na Ostravsku<\/p>\n<p>JUDr. RICHARD B\u00c9BR, odborov\u00fd p\u0159ednosta ministerstva ve\u0159ejn\u00e9ho zdravotnictv\u00ed \u00a0a t\u011blesn\u00e9 v\u00fdchovy<\/p>\n","protected":false},"excerpt":{"rendered":"<p>U\u010debnice pro porodn\u00ed asistentky &#8211; rok vyd\u00e1n\u00ed \u00a01932 MUDr. FRANTI\u0160EK PACHNER, prim\u00e1\u0159 porodnicko &#8211; gynekologick\u00e9ho odd\u011blen\u00ed st\u00e1tn\u00ed nemocnice na Ostravsku JUDr. RICHARD B\u00c9BR, odborov\u00fd p\u0159ednosta ministerstva ve\u0159ejn\u00e9ho zdravotnictv\u00ed \u00a0a t\u011blesn\u00e9 v\u00fdchovy<\/p>\n","protected":false},"author":2,"featured_media":0,"parent":353,"menu_order":1,"comment_status":"closed","ping_status":"closed","template":"","meta":{"inline_featured_image":false,"footnotes":""},"class_list":["post-360","page","type-page","status-publish","hentry","","tg-column-two"],"_links":{"self":[{"href":"https:\/\/www.porodniasistentky.info\/index.php\/wp-json\/wp\/v2\/pages\/360","targetHints":{"allow":["GET"]}}],"collection":[{"href":"https:\/\/www.porodniasistentky.info\/index.php\/wp-json\/wp\/v2\/pages"}],"about":[{"href":"https:\/\/www.porodniasistentky.info\/index.php\/wp-json\/wp\/v2\/types\/page"}],"author":[{"embeddable":true,"href":"https:\/\/www.porodniasistentky.info\/index.php\/wp-json\/wp\/v2\/users\/2"}],"replies":[{"embeddable":true,"href":"https:\/\/www.porodniasistentky.info\/index.php\/wp-json\/wp\/v2\/comments?post=360"}],"version-history":[{"count":3,"href":"https:\/\/www.porodniasistentky.info\/index.php\/wp-json\/wp\/v2\/pages\/360\/revisions"}],"predecessor-version":[{"id":385,"href":"https:\/\/www.porodniasistentky.info\/index.php\/wp-json\/wp\/v2\/pages\/360\/revisions\/385"}],"up":[{"embeddable":true,"href":"https:\/\/www.porodniasistentky.info\/index.php\/wp-json\/wp\/v2\/pages\/353"}],"wp:attachment":[{"href":"https:\/\/www.porodniasistentky.info\/index.php\/wp-json\/wp\/v2\/media?parent=360"}],"curies":[{"name":"wp","href":"https:\/\/api.w.org\/{rel}","templated":true}]}}