{"id":356,"date":"2016-08-18T10:29:19","date_gmt":"2016-08-18T09:29:19","guid":{"rendered":"http:\/\/porodniasistentky.3sixty.eu\/?page_id=356"},"modified":"2016-08-23T15:31:53","modified_gmt":"2016-08-23T14:31:53","slug":"slib-porodni-baby","status":"publish","type":"page","link":"https:\/\/www.porodniasistentky.info\/index.php\/historie\/slib-porodni-baby\/","title":{"rendered":"Slib porodn\u00ed b\u00e1by 1932"},"content":{"rendered":"<p><img fetchpriority=\"high\" decoding=\"async\" class=\"alignleft wp-image-371 size-full\" src=\"https:\/\/www.porodniasistentky.info\/wp-content\/uploads\/2016\/08\/slib_historie.jpg\" alt=\"slib_historie\" width=\"678\" height=\"743\" srcset=\"https:\/\/www.porodniasistentky.info\/wp-content\/uploads\/2016\/08\/slib_historie.jpg 678w, https:\/\/www.porodniasistentky.info\/wp-content\/uploads\/2016\/08\/slib_historie-274x300.jpg 274w\" sizes=\"(max-width: 678px) 100vw, 678px\" \/><\/p>\n<p>&nbsp;<\/p>\n<p>&nbsp;<\/p>\n<p>&nbsp;<\/p>\n<p>&nbsp;<\/p>\n<p>&nbsp;<\/p>\n<p>&nbsp;<\/p>\n<p>&nbsp;<\/p>\n<p>&nbsp;<\/p>\n<p>&nbsp;<\/p>\n<p>&nbsp;<\/p>\n<p>&nbsp;<\/p>\n<p>&nbsp;<\/p>\n<p>&nbsp;<\/p>\n<p>&nbsp;<\/p>\n<p>&nbsp;<\/p>\n<p>&nbsp;<\/p>\n<p>&nbsp;<\/p>\n<p>&nbsp;<\/p>\n<p>&nbsp;<\/p>\n<p>&nbsp;<\/p>\n<p>&nbsp;<\/p>\n<p>U\u010debnice pro porodn\u00ed asistentky &#8211; rok vyd\u00e1n\u00ed \u00a01932<br \/>\nMUDr. FRANTI\u0160EK PACHNER, prim\u00e1\u0159 porodnicko &#8211; gynekologick\u00e9ho odd\u011blen\u00ed st\u00e1tn\u00ed nemocnice na Ostravsku<\/p>\n<p>JUDr. RICHARD B\u00c9BR, odborov\u00fd p\u0159ednosta ministerstva ve\u0159ejn\u00e9ho zdravotnictv\u00ed \u00a0a t\u011blesn\u00e9 v\u00fdchovy<\/p>\n<p>&nbsp;<\/p>\n","protected":false},"excerpt":{"rendered":"<p>&nbsp; &nbsp; &nbsp; &nbsp; &nbsp; &nbsp; &nbsp; &nbsp; &nbsp; &nbsp; &nbsp; &nbsp; &nbsp; &nbsp; &nbsp; &nbsp; &nbsp; &nbsp; &nbsp; &nbsp; &nbsp; U\u010debnice pro porodn\u00ed asistentky &#8211; rok vyd\u00e1n\u00ed \u00a01932 MUDr. FRANTI\u0160EK PACHNER, prim\u00e1\u0159 porodnicko &#8211; gynekologick\u00e9ho odd\u011blen\u00ed st\u00e1tn\u00ed nemocnice na<\/p>\n","protected":false},"author":2,"featured_media":0,"parent":353,"menu_order":0,"comment_status":"closed","ping_status":"closed","template":"","meta":{"inline_featured_image":false,"footnotes":""},"class_list":["post-356","page","type-page","status-publish","hentry","","tg-column-two"],"_links":{"self":[{"href":"https:\/\/www.porodniasistentky.info\/index.php\/wp-json\/wp\/v2\/pages\/356","targetHints":{"allow":["GET"]}}],"collection":[{"href":"https:\/\/www.porodniasistentky.info\/index.php\/wp-json\/wp\/v2\/pages"}],"about":[{"href":"https:\/\/www.porodniasistentky.info\/index.php\/wp-json\/wp\/v2\/types\/page"}],"author":[{"embeddable":true,"href":"https:\/\/www.porodniasistentky.info\/index.php\/wp-json\/wp\/v2\/users\/2"}],"replies":[{"embeddable":true,"href":"https:\/\/www.porodniasistentky.info\/index.php\/wp-json\/wp\/v2\/comments?post=356"}],"version-history":[{"count":7,"href":"https:\/\/www.porodniasistentky.info\/index.php\/wp-json\/wp\/v2\/pages\/356\/revisions"}],"predecessor-version":[{"id":380,"href":"https:\/\/www.porodniasistentky.info\/index.php\/wp-json\/wp\/v2\/pages\/356\/revisions\/380"}],"up":[{"embeddable":true,"href":"https:\/\/www.porodniasistentky.info\/index.php\/wp-json\/wp\/v2\/pages\/353"}],"wp:attachment":[{"href":"https:\/\/www.porodniasistentky.info\/index.php\/wp-json\/wp\/v2\/media?parent=356"}],"curies":[{"name":"wp","href":"https:\/\/api.w.org\/{rel}","templated":true}]}}