{"id":33,"date":"2016-05-12T11:26:28","date_gmt":"2016-05-12T10:26:28","guid":{"rendered":"http:\/\/porodniasistentky.3sixty.eu\/?page_id=33"},"modified":"2025-11-27T06:25:01","modified_gmt":"2025-11-27T05:25:01","slug":"kontakt","status":"publish","type":"page","link":"https:\/\/www.porodniasistentky.info\/index.php\/kontakt\/","title":{"rendered":"Kontakt"},"content":{"rendered":"<h3><strong>S\u00eddlo spole\u010dnosti:<\/strong><br \/>\nApolin\u00e1\u0159sk\u00e1 441\/18, Praha 2, 120 00<br \/>\n<strong>I\u010cO<\/strong>: 02306263<br \/>\nDatov\u00e1 schr\u00e1nka: <strong>54f97qv<\/strong><\/h3>\n<p>\u010c\u00edslo \u00fa\u010dtu:<br \/>\n<strong>19859851\/5500<\/strong><br \/>\nBanka:<br \/>\nRaiffeisen Bank<br \/>\nHv\u011bzdova 1716\/2b, Praha 4, 140 78<\/p>\n<h3><span style=\"font-size: 12pt;\">Sekretari\u00e1t \u010cSPA:<\/span><\/h3>\n<h6><strong>Eva \u010cejkov\u00e1<br \/>\n<\/strong><em>email: cejkovae@gmail.com<\/em><\/h6>\n","protected":false},"excerpt":{"rendered":"<p>S\u00eddlo spole\u010dnosti: Apolin\u00e1\u0159sk\u00e1 441\/18, Praha 2, 120 00 I\u010cO: 02306263 Datov\u00e1 schr\u00e1nka: 54f97qv \u010c\u00edslo \u00fa\u010dtu: 19859851\/5500 Banka: Raiffeisen Bank Hv\u011bzdova 1716\/2b, Praha 4, 140 78 Sekretari\u00e1t \u010cSPA: Eva \u010cejkov\u00e1 email: cejkovae@gmail.com<\/p>\n","protected":false},"author":2,"featured_media":0,"parent":0,"menu_order":0,"comment_status":"closed","ping_status":"closed","template":"","meta":{"inline_featured_image":false,"footnotes":""},"class_list":["post-33","page","type-page","status-publish","hentry","","tg-column-two"],"_links":{"self":[{"href":"https:\/\/www.porodniasistentky.info\/index.php\/wp-json\/wp\/v2\/pages\/33","targetHints":{"allow":["GET"]}}],"collection":[{"href":"https:\/\/www.porodniasistentky.info\/index.php\/wp-json\/wp\/v2\/pages"}],"about":[{"href":"https:\/\/www.porodniasistentky.info\/index.php\/wp-json\/wp\/v2\/types\/page"}],"author":[{"embeddable":true,"href":"https:\/\/www.porodniasistentky.info\/index.php\/wp-json\/wp\/v2\/users\/2"}],"replies":[{"embeddable":true,"href":"https:\/\/www.porodniasistentky.info\/index.php\/wp-json\/wp\/v2\/comments?post=33"}],"version-history":[{"count":12,"href":"https:\/\/www.porodniasistentky.info\/index.php\/wp-json\/wp\/v2\/pages\/33\/revisions"}],"predecessor-version":[{"id":49896,"href":"https:\/\/www.porodniasistentky.info\/index.php\/wp-json\/wp\/v2\/pages\/33\/revisions\/49896"}],"wp:attachment":[{"href":"https:\/\/www.porodniasistentky.info\/index.php\/wp-json\/wp\/v2\/media?parent=33"}],"curies":[{"name":"wp","href":"https:\/\/api.w.org\/{rel}","templated":true}]}}