{"id":2954,"date":"2019-01-28T14:17:45","date_gmt":"2019-01-28T13:17:45","guid":{"rendered":"http:\/\/www.porodniasistentky.info\/?page_id=2954"},"modified":"2019-09-02T13:02:08","modified_gmt":"2019-09-02T12:02:08","slug":"porodnicka-analgezie-a-anestezie-2019","status":"publish","type":"page","link":"https:\/\/www.porodniasistentky.info\/index.php\/vzdelavani\/vzdelavani-2019\/porodnicka-analgezie-a-anestezie-2019\/","title":{"rendered":"Porodnick\u00e1 analgezie a anestezie 2019"},"content":{"rendered":"<header class=\"entry-header\">\n<p class=\"entry-title\"><strong>66. intenzivn\u00ed postgradu\u00e1ln\u00ed Kurz porodnick\u00e9 analgezie a anestezie<\/strong><br \/>\nTento kurz\u00a0 je organizov\u00e1n bez p\u0159est\u00e1vky 26 let,\u00a0za v\u00edce jak \u010dtvrtstolet\u00ed \u00a0zde nalezlo vzd\u011bl\u00e1n\u00ed v\u00edce ne\u017e 2.700 l\u00e9ka\u0159\u016f (porodn\u00edci, anesteziologov\u00e9, pediat\u0159i)\u00a0a porodn\u00ed asistentky\u00a0z cel\u00e9 \u010cesk\u00e9 republiky a Slovenska.\u00a0\u00a0<strong style=\"font-size: 16px;\"><br \/>\n<\/strong><\/p>\n<p><strong>Praha, 30. b\u0159ezna 2019<\/strong><\/p>\n<p><strong>M\u00edsto kon\u00e1n\u00ed:<\/strong><br \/>\nPosluch\u00e1rna Gynekologicko-porodnick\u00e9 kliniky<br \/>\n1. LF UK a VFN v Praze.<br \/>\nApolin\u00e1\u0159sk\u00e1 18, Praha 2<\/p>\n<p><strong>Z\u00e1\u0161tita:<br \/>\n<\/strong>Gynekologicko \u2013 porodnick\u00e1 klinika 1. LF UK a VFN v Praze<\/p>\n<p><strong>Organiz\u00e1tor:<\/strong><br \/>\nGynekologicko\u2013porodnick\u00e1 klinika 1. LF UK a VFN v Praze<br \/>\nSekce analgezie a intenzivn\u00ed medic\u00edny v porodnictv\u00ed\u00a0p\u0159i \u010cGPS \u010cLS JEP<br \/>\nSekce porodnick\u00e9 anestezie a analgezie p\u0159i \u010cSARIM \u010cLS JEP<br \/>\n\u010cesk\u00e1 spole\u010dnost porodn\u00edch asistentek (\u010cSPA)<\/p>\n<p><strong>Odborn\u00fd garant:<\/strong><br \/>\nprof. MUDr. Anton\u00edn Pa\u0159\u00edzek, CSc.<br \/>\np\u0159edseda Sekce analgezie a intenzivn\u00ed medic\u00edny v porodnictv\u00ed\u00a0p\u0159i \u010cGPS \u010cLS JEP<\/p>\n<\/header>\n<div class=\"entry-content clearfix\">\n<p><strong>Program:<\/strong><\/p>\n<p><a href=\"https:\/\/www.porodniasistentky.info\/wp-content\/uploads\/2019\/01\/Kurz-porodnick\u00e9-analgezie_finale.pdf\" class=\"mtli_attachment mtli_pdf\">Kurz porodnick\u00e9 analgezie<\/a><\/p>\n<\/div>\n","protected":false},"excerpt":{"rendered":"<p>66. intenzivn\u00ed postgradu\u00e1ln\u00ed Kurz porodnick\u00e9 analgezie a anestezie Tento kurz\u00a0 je organizov\u00e1n bez p\u0159est\u00e1vky 26 let,\u00a0za v\u00edce jak \u010dtvrtstolet\u00ed \u00a0zde nalezlo vzd\u011bl\u00e1n\u00ed v\u00edce ne\u017e 2.700 l\u00e9ka\u0159\u016f (porodn\u00edci, anesteziologov\u00e9, pediat\u0159i)\u00a0a porodn\u00ed asistentky\u00a0z cel\u00e9 \u010cesk\u00e9 republiky a Slovenska.\u00a0\u00a0 Praha, 30. b\u0159ezna 2019<\/p>\n","protected":false},"author":2,"featured_media":0,"parent":2956,"menu_order":1,"comment_status":"closed","ping_status":"closed","template":"","meta":{"inline_featured_image":false,"footnotes":""},"class_list":["post-2954","page","type-page","status-publish","hentry","","tg-column-two"],"_links":{"self":[{"href":"https:\/\/www.porodniasistentky.info\/index.php\/wp-json\/wp\/v2\/pages\/2954","targetHints":{"allow":["GET"]}}],"collection":[{"href":"https:\/\/www.porodniasistentky.info\/index.php\/wp-json\/wp\/v2\/pages"}],"about":[{"href":"https:\/\/www.porodniasistentky.info\/index.php\/wp-json\/wp\/v2\/types\/page"}],"author":[{"embeddable":true,"href":"https:\/\/www.porodniasistentky.info\/index.php\/wp-json\/wp\/v2\/users\/2"}],"replies":[{"embeddable":true,"href":"https:\/\/www.porodniasistentky.info\/index.php\/wp-json\/wp\/v2\/comments?post=2954"}],"version-history":[{"count":11,"href":"https:\/\/www.porodniasistentky.info\/index.php\/wp-json\/wp\/v2\/pages\/2954\/revisions"}],"predecessor-version":[{"id":3335,"href":"https:\/\/www.porodniasistentky.info\/index.php\/wp-json\/wp\/v2\/pages\/2954\/revisions\/3335"}],"up":[{"embeddable":true,"href":"https:\/\/www.porodniasistentky.info\/index.php\/wp-json\/wp\/v2\/pages\/2956"}],"wp:attachment":[{"href":"https:\/\/www.porodniasistentky.info\/index.php\/wp-json\/wp\/v2\/media?parent=2954"}],"curies":[{"name":"wp","href":"https:\/\/api.w.org\/{rel}","templated":true}]}}