{"id":28560,"date":"2022-12-11T10:43:12","date_gmt":"2022-12-11T09:43:12","guid":{"rendered":"https:\/\/www.porodniasistentky.info\/?page_id=28560"},"modified":"2023-09-06T12:18:16","modified_gmt":"2023-09-06T11:18:16","slug":"vzdelavani-2023","status":"publish","type":"page","link":"https:\/\/www.porodniasistentky.info\/index.php\/vzdelavani\/vzdelavani-2023\/","title":{"rendered":"Vzd\u011bl\u00e1v\u00e1n\u00ed 2023"},"content":{"rendered":"\n<p><strong>P\u0159ehled kongres\u016f, konferenc\u00ed a semin\u00e1\u0159\u016f pro l\u00e9ka\u0159e\u00a0i nel\u00e9ka\u0159sk\u00e1 povol\u00e1n\u00ed\u00a0na rok 2023<\/strong><\/p>\n\n\n\n<figure class=\"wp-block-table\"><table><tbody><tr><td class=\"has-text-align-center\" data-align=\"center\"><strong>\u00a02023<\/strong><\/td><td class=\"has-text-align-center\" data-align=\"center\"><strong>Popis akce<\/strong><\/td><td class=\"has-text-align-center\" data-align=\"center\"><strong>M\u00edsto kon\u00e1n\u00ed<\/strong><\/td><td class=\"has-text-align-center\" data-align=\"center\"><strong>Detail akce<\/strong><\/td><\/tr><tr><td class=\"has-text-align-center\" data-align=\"center\">9. prosince 2023<\/td><td class=\"has-text-align-center\" data-align=\"center\">AORA 2023<\/td><td class=\"has-text-align-center\" data-align=\"center\">Praha<\/td><td class=\"has-text-align-center\" data-align=\"center\">\u00a0<a href=\"https:\/\/www.lekaridnes.cz\/index.php\/vzdelavani\/vzdelavani-2023\/aora-2023\/\">Registrace<\/a><\/td><\/tr><\/tbody><\/table><\/figure>\n","protected":false},"excerpt":{"rendered":"<p>P\u0159ehled kongres\u016f, konferenc\u00ed a semin\u00e1\u0159\u016f pro l\u00e9ka\u0159e\u00a0i nel\u00e9ka\u0159sk\u00e1 povol\u00e1n\u00ed\u00a0na rok 2023 \u00a02023 Popis akce M\u00edsto kon\u00e1n\u00ed Detail akce 9. prosince 2023 AORA 2023 Praha \u00a0Registrace<\/p>\n","protected":false},"author":5,"featured_media":0,"parent":64,"menu_order":-2,"comment_status":"closed","ping_status":"closed","template":"","meta":{"inline_featured_image":false,"footnotes":""},"class_list":["post-28560","page","type-page","status-publish","hentry","","tg-column-two"],"_links":{"self":[{"href":"https:\/\/www.porodniasistentky.info\/index.php\/wp-json\/wp\/v2\/pages\/28560","targetHints":{"allow":["GET"]}}],"collection":[{"href":"https:\/\/www.porodniasistentky.info\/index.php\/wp-json\/wp\/v2\/pages"}],"about":[{"href":"https:\/\/www.porodniasistentky.info\/index.php\/wp-json\/wp\/v2\/types\/page"}],"author":[{"embeddable":true,"href":"https:\/\/www.porodniasistentky.info\/index.php\/wp-json\/wp\/v2\/users\/5"}],"replies":[{"embeddable":true,"href":"https:\/\/www.porodniasistentky.info\/index.php\/wp-json\/wp\/v2\/comments?post=28560"}],"version-history":[{"count":3,"href":"https:\/\/www.porodniasistentky.info\/index.php\/wp-json\/wp\/v2\/pages\/28560\/revisions"}],"predecessor-version":[{"id":34386,"href":"https:\/\/www.porodniasistentky.info\/index.php\/wp-json\/wp\/v2\/pages\/28560\/revisions\/34386"}],"up":[{"embeddable":true,"href":"https:\/\/www.porodniasistentky.info\/index.php\/wp-json\/wp\/v2\/pages\/64"}],"wp:attachment":[{"href":"https:\/\/www.porodniasistentky.info\/index.php\/wp-json\/wp\/v2\/media?parent=28560"}],"curies":[{"name":"wp","href":"https:\/\/api.w.org\/{rel}","templated":true}]}}