{"id":25118,"date":"2022-08-22T11:27:53","date_gmt":"2022-08-22T10:27:53","guid":{"rendered":"https:\/\/www.porodniasistentky.info\/?page_id=25118"},"modified":"2022-12-02T13:54:36","modified_gmt":"2022-12-02T12:54:36","slug":"kriticke-stavy-v-porodnictvi-2022","status":"publish","type":"page","link":"https:\/\/www.porodniasistentky.info\/index.php\/vzdelavani\/vzdelavani-2022\/kriticke-stavy-v-porodnictvi-2022\/","title":{"rendered":"Kritick\u00e9 stavy v porodnictv\u00ed 2022"},"content":{"rendered":"\n<p>Dovoluji si V\u00e1s pozvat na ji\u017e tradi\u010dn\u00ed porodnick\u00fd kongres, kter\u00fd se letos po dvou letech m\u016f\u017ee konat prezen\u010dn\u00ed formou.<\/p>\n<p><strong>Kdy: 10. prosince 2022 <\/strong><\/p>\n<p><strong>Kde:<\/strong> N\u00e1rodn\u00ed muzeum v Praze<\/p>\n<p><strong>Po\u0159adatel:<br \/><\/strong>MCC Health Academy<br \/>Gynekologicko \u2013 porodnick\u00e1 klinika 1. LF UK a VFN v Praze<br \/>Sekce analgezie a anestezie v porodnictv\u00ed p\u0159i \u010cGPS \u010cLS JEP<br \/>\u010cesk\u00e1 spole\u010dnost porodn\u00edch asistentek z. s.<\/p>\n<p><strong>Z\u00e1\u0161tita:<br \/><\/strong>prof. MUDr. Milena Kr\u00e1l\u00ed\u010dkov\u00e1, Ph.D., <em>rektor Univerzity Karlovy v Praze<br \/><\/em>prof. MUDr. Martin Vokurka, Ph.D., <em>d\u011bkan 1. LF UK v Praze<\/em><\/p>\n<p><strong>Garant:<\/strong><br \/>prof. MUDr. Anton\u00edn Pa\u0159\u00edzek, CSc.<br \/>doc. MUDr. Jan Bl\u00e1ha, Ph.D.<\/p>\n<p><strong>Program: <a class=\"mtli_attachment mtli_pdf mtli_attachment mtli_pdf\" href=\"http:\/\/www.lekaridnes.cz\/wp-content\/uploads\/2022\/08\/Kriticke-stavy-2022_predbezny_program.pdf\">Kritick\u00e9 stavy 2022<\/a><\/strong><\/p>\n<p><span style=\"background-color: #ffffff; color: #ff0000;\"><strong>Registrace uzav\u0159ena<\/strong><\/span><\/p>\n","protected":false},"excerpt":{"rendered":"<p>Dovoluji si V\u00e1s pozvat na ji\u017e tradi\u010dn\u00ed porodnick\u00fd kongres, kter\u00fd se letos po dvou letech m\u016f\u017ee konat prezen\u010dn\u00ed formou. Kdy: 10. prosince 2022 Kde: N\u00e1rodn\u00ed muzeum v Praze Po\u0159adatel:MCC Health AcademyGynekologicko \u2013 porodnick\u00e1 klinika 1. LF UK a VFN v<\/p>\n","protected":false},"author":5,"featured_media":0,"parent":25114,"menu_order":0,"comment_status":"closed","ping_status":"closed","template":"","meta":{"inline_featured_image":false,"footnotes":""},"class_list":["post-25118","page","type-page","status-publish","hentry","","tg-column-two"],"_links":{"self":[{"href":"https:\/\/www.porodniasistentky.info\/index.php\/wp-json\/wp\/v2\/pages\/25118","targetHints":{"allow":["GET"]}}],"collection":[{"href":"https:\/\/www.porodniasistentky.info\/index.php\/wp-json\/wp\/v2\/pages"}],"about":[{"href":"https:\/\/www.porodniasistentky.info\/index.php\/wp-json\/wp\/v2\/types\/page"}],"author":[{"embeddable":true,"href":"https:\/\/www.porodniasistentky.info\/index.php\/wp-json\/wp\/v2\/users\/5"}],"replies":[{"embeddable":true,"href":"https:\/\/www.porodniasistentky.info\/index.php\/wp-json\/wp\/v2\/comments?post=25118"}],"version-history":[{"count":4,"href":"https:\/\/www.porodniasistentky.info\/index.php\/wp-json\/wp\/v2\/pages\/25118\/revisions"}],"predecessor-version":[{"id":28275,"href":"https:\/\/www.porodniasistentky.info\/index.php\/wp-json\/wp\/v2\/pages\/25118\/revisions\/28275"}],"up":[{"embeddable":true,"href":"https:\/\/www.porodniasistentky.info\/index.php\/wp-json\/wp\/v2\/pages\/25114"}],"wp:attachment":[{"href":"https:\/\/www.porodniasistentky.info\/index.php\/wp-json\/wp\/v2\/media?parent=25118"}],"curies":[{"name":"wp","href":"https:\/\/api.w.org\/{rel}","templated":true}]}}