{"id":222,"date":"2016-08-09T12:42:44","date_gmt":"2016-08-09T11:42:44","guid":{"rendered":"http:\/\/porodniasistentky.3sixty.eu\/?page_id=222"},"modified":"2016-08-09T12:43:21","modified_gmt":"2016-08-09T11:43:21","slug":"222-2","status":"publish","type":"page","link":"https:\/\/www.porodniasistentky.info\/index.php\/aktuality\/222-2\/","title":{"rendered":"V\u00fdkon povol\u00e1n\u00ed  v \u010cR"},"content":{"rendered":"<h2>Stanovisko\u00a0\u010cesk\u00e9 spole\u010dnosti porodn\u00edch asistentek k\u00a0v\u00fdkonu povol\u00e1n\u00ed porodn\u00ed asistentky v\u00a0\u010cesk\u00e9 republice<\/h2>\n<p>V\u00a0\u010cesk\u00e9 republice je platn\u00fd z\u00e1kon \u00a096\/2004 Sb.\u00a0o podm\u00ednk\u00e1ch z\u00edsk\u00e1v\u00e1n\u00ed a uzn\u00e1v\u00e1n\u00ed zp\u016fsobilosti k v\u00fdkonu nel\u00e9ka\u0159sk\u00fdch zdravotnick\u00fdch povol\u00e1n\u00ed a k v\u00fdkonu \u010dinnosti souvisej\u00edc\u00edch s poskytov\u00e1n\u00edm zdravotn\u00ed p\u00e9\u010de ke kter\u00e9mu je vyd\u00e1na platn\u00e1 vyhl\u00e1\u0161ka 55\/2011. V\u00a0t\u00e9to vyhl\u00e1\u0161ce je zaps\u00e1n v\u00fdkon \u2013 \u201ep\u0159ipravovat rodi\u010dku k porodu, pe\u010dovat o ni ve v\u0161ech dob\u00e1ch porodn\u00edch a v\u00e9st fyziologick\u00fd porod, v\u010detn\u011b p\u0159\u00edpadn\u00e9ho n\u00e1st\u0159ihu hr\u00e1ze; v neodkladn\u00fdch p\u0159\u00edpadech v\u00e9st i porod v poloze koncem p\u00e1nevn\u00edm; neodkladn\u00fdm p\u0159\u00edpadem se rozum\u00ed vy\u0161et\u0159ovac\u00ed nebo l\u00e9\u010debn\u00fd v\u00fdkon nezbytn\u00fd k z\u00e1chran\u011b \u017eivota nebo zdrav\u00ed\u201d.<\/p>\n<p>Fyziologick\u00fd porod m\u00e1 stanoven\u00fd k\u00f3d pro vykazov\u00e1n\u00ed t\u00e9to \u010dinnosti porodn\u00ed asistentkou a je pln\u011b hrazen, a to ve stejn\u00e9 v\u00fd\u0161i jako u l\u00e9ka\u0159e, ze st\u00e1tn\u00edho zdravotn\u00edho poji\u0161t\u011bn\u00ed. Tato vyhl\u00e1\u0161ka je b\u011b\u017en\u011b v\u00a0\u010desk\u00fdch porodnic\u00edch napl\u0148ov\u00e1na.<\/p>\n<p>K\u00a0tomuto tvrzen\u00ed n\u00e1s oprav\u0148uje fakt, \u017ee \u010cesk\u00e1 spole\u010dnost porodn\u00edch asistentek (d\u00e1le tak\u00e9 \u010cSPA) zastupuje porodn\u00ed asistentky ze v\u0161ech kraj\u016f \u010cesk\u00e9 republiky, ze v\u0161ech porodnick\u00fdch za\u0159\u00edzen\u00ed v\u00a0\u010cesk\u00e9 republice a i soukrom\u00e9 porodn\u00ed asistentky. Ve veden\u00ed spole\u010dnosti jsou aktivn\u00ed porodn\u00ed asistentky, kter\u00e9 svou pr\u00e1ci vykon\u00e1vaj\u00ed ve st\u00e1tn\u00edch zdravotnick\u00fdch za\u0159\u00edzen\u00edch, v\u00a0soukrom\u00fdch ambulanc\u00edch a vzd\u011bl\u00e1vac\u00edch instituc\u00edch.<\/p>\n<p>Odborn\u00e9 spole\u010dnosti v\u00a0oblasti gynekologie a porodnictv\u00ed, kter\u00e9 sdru\u017euj\u00ed porodn\u00ed asistentky:<\/p>\n<p><strong>\u010cesk\u00e1 spole\u010dnost porodn\u00edch asistentek<\/strong><br \/>\nje jednou z nejv\u011bt\u0161\u00edch odborn\u00fdch spole\u010dnost\u00ed v\u00a0\u010cesk\u00e9 republice s\u00a0v\u00edce jak 300 aktivn\u00edmi \u010dleny, kte\u0159\u00ed se pravideln\u011b v\u00a0problematice porodnictv\u00ed a souvisej\u00edc\u00edmi obory, vzd\u011bl\u00e1vaj\u00ed.,<\/p>\n<p><strong>\u010cesk\u00e1 konfederace porodn\u00edch asistentek<\/strong><br \/>\ns\u00a080 aktivn\u00edmi porodn\u00edmi asistentkami.,<\/p>\n<p><strong>Unie porodn\u00edch asistentek<br \/>\n<\/strong>\u00a0s des\u00edtkou \u010dlen\u016f.,<\/p>\n<p><strong>Gynekologicko-porodnick\u00e1 sekce p\u0159i \u010desk\u00e9 asociaci sester<br \/>\n<\/strong>tato spole\u010dnost se v\u00a0leto\u0161n\u00edm roce rozpadla a zbyl\u00ed \u010dlenov\u00e9 se sm\u00edsili s\u00a0\u010dleny \u010cesk\u00e9 asociace sester.<\/p>\n<p>&nbsp;<\/p>\n<p>Na\u0161e tvrzen\u00ed o po\u010dtech \u010dlen\u016f jednotliv\u00fdch spole\u010dnost\u00ed vych\u00e1z\u00ed s\u00a0osobn\u00edho tvrzen\u00ed p\u0159edstavitel\u016f jednotliv\u00fdch spole\u010dnost\u00ed p\u0159i spole\u010dn\u00fdch jedn\u00e1n\u00edch na Ministerstvu zdravotnictv\u00ed \u010cR.<\/p>\n<p>&nbsp;<\/p>\n<p>Dne 1. 8. 2015<\/p>\n<p>&nbsp;<\/p>\n<p>Mgr. Ludmila Luke\u0161ov\u00e1\u00a0\u00a0\u00a0\u00a0\u00a0\u00a0\u00a0\u00a0\u00a0\u00a0\u00a0\u00a0\u00a0\u00a0\u00a0\u00a0\u00a0\u00a0\u00a0\u00a0\u00a0\u00a0\u00a0\u00a0\u00a0\u00a0\u00a0\u00a0\u00a0\u00a0\u00a0\u00a0\u00a0\u00a0\u00a0\u00a0\u00a0\u00a0\u00a0\u00a0\u00a0\u00a0 Petra Pa\u0159\u00edzkov\u00e1<\/p>\n<p>P\u0159edsedkyn\u011b\u00a0\u00a0\u00a0\u00a0\u00a0\u00a0\u00a0\u00a0\u00a0\u00a0\u00a0\u00a0\u00a0\u00a0\u00a0\u00a0\u00a0\u00a0\u00a0\u00a0\u00a0\u00a0\u00a0\u00a0\u00a0\u00a0\u00a0\u00a0\u00a0\u00a0\u00a0\u00a0\u00a0\u00a0\u00a0\u00a0\u00a0\u00a0\u00a0\u00a0\u00a0\u00a0\u00a0\u00a0\u00a0\u00a0\u00a0\u00a0\u00a0\u00a0\u00a0\u00a0\u00a0\u00a0\u00a0\u00a0\u00a0\u00a0\u00a0\u00a0\u00a0 M\u00edstop\u0159edsedkyn\u011b<\/p>\n<p>\u010cesk\u00e9 spole\u010dnosti porodn\u00edch asistentek \u00a0 \u00a0 \u00a0 \u00a0 \u00a0 \u00a0 \u00a0\u010cesk\u00e9 spole\u010dnosti porodn\u00edch asistentek<\/p>\n","protected":false},"excerpt":{"rendered":"<p>Stanovisko\u00a0\u010cesk\u00e9 spole\u010dnosti porodn\u00edch asistentek k\u00a0v\u00fdkonu povol\u00e1n\u00ed porodn\u00ed asistentky v\u00a0\u010cesk\u00e9 republice V\u00a0\u010cesk\u00e9 republice je platn\u00fd z\u00e1kon \u00a096\/2004 Sb.\u00a0o podm\u00ednk\u00e1ch z\u00edsk\u00e1v\u00e1n\u00ed a uzn\u00e1v\u00e1n\u00ed zp\u016fsobilosti k v\u00fdkonu nel\u00e9ka\u0159sk\u00fdch zdravotnick\u00fdch povol\u00e1n\u00ed a k v\u00fdkonu \u010dinnosti souvisej\u00edc\u00edch s poskytov\u00e1n\u00edm zdravotn\u00ed p\u00e9\u010de ke kter\u00e9mu je vyd\u00e1na<\/p>\n","protected":false},"author":2,"featured_media":0,"parent":77,"menu_order":1,"comment_status":"closed","ping_status":"closed","template":"","meta":{"inline_featured_image":false,"footnotes":""},"class_list":["post-222","page","type-page","status-publish","hentry","","tg-column-two"],"_links":{"self":[{"href":"https:\/\/www.porodniasistentky.info\/index.php\/wp-json\/wp\/v2\/pages\/222","targetHints":{"allow":["GET"]}}],"collection":[{"href":"https:\/\/www.porodniasistentky.info\/index.php\/wp-json\/wp\/v2\/pages"}],"about":[{"href":"https:\/\/www.porodniasistentky.info\/index.php\/wp-json\/wp\/v2\/types\/page"}],"author":[{"embeddable":true,"href":"https:\/\/www.porodniasistentky.info\/index.php\/wp-json\/wp\/v2\/users\/2"}],"replies":[{"embeddable":true,"href":"https:\/\/www.porodniasistentky.info\/index.php\/wp-json\/wp\/v2\/comments?post=222"}],"version-history":[{"count":2,"href":"https:\/\/www.porodniasistentky.info\/index.php\/wp-json\/wp\/v2\/pages\/222\/revisions"}],"predecessor-version":[{"id":224,"href":"https:\/\/www.porodniasistentky.info\/index.php\/wp-json\/wp\/v2\/pages\/222\/revisions\/224"}],"up":[{"embeddable":true,"href":"https:\/\/www.porodniasistentky.info\/index.php\/wp-json\/wp\/v2\/pages\/77"}],"wp:attachment":[{"href":"https:\/\/www.porodniasistentky.info\/index.php\/wp-json\/wp\/v2\/media?parent=222"}],"curies":[{"name":"wp","href":"https:\/\/api.w.org\/{rel}","templated":true}]}}