{"id":208,"date":"2016-08-09T11:49:28","date_gmt":"2016-08-09T10:49:28","guid":{"rendered":"http:\/\/porodniasistentky.3sixty.eu\/?page_id=208"},"modified":"2016-08-09T11:49:28","modified_gmt":"2016-08-09T10:49:28","slug":"zacleneni-na-trhu-prace","status":"publish","type":"page","link":"https:\/\/www.porodniasistentky.info\/index.php\/pruzkumy\/zacleneni-na-trhu-prace\/","title":{"rendered":"Za\u010dlen\u011bn\u00ed na trhu pr\u00e1ce"},"content":{"rendered":"<p>Dovolte n\u00e1m, V\u00e1s oslovit \u010ceskou spole\u010dnost\u00ed porodn\u00edch asistentek v r\u00e1mci p\u0159\u00edpravy projektu, kter\u00fd by V\u00e1m mohl pomoci p\u0159i op\u011btovn\u00e9m za\u010dlen\u011bn\u00ed na trhu pr\u00e1ce nebo k z\u00edsk\u00e1n\u00ed va\u0161eho lep\u0161\u00edho pracovn\u00edho uplatn\u011bn\u00ed. Pr\u016fzkumu v\u011bnujte pros\u00edm n\u011bkolik minut sv\u00e9ho \u010dasu a vypl\u0148te pot\u0159ebn\u00e9 \u00fadaje.<\/p>\n<p><a href=\"https:\/\/www.survio.com\/survey\/d\/Q5I3O1A8L9P9G1Y8B\">Dotazn\u00edk m\u016f\u017eete vyplnit zde.<\/a><\/p>\n","protected":false},"excerpt":{"rendered":"<p>Dovolte n\u00e1m, V\u00e1s oslovit \u010ceskou spole\u010dnost\u00ed porodn\u00edch asistentek v r\u00e1mci p\u0159\u00edpravy projektu, kter\u00fd by V\u00e1m mohl pomoci p\u0159i op\u011btovn\u00e9m za\u010dlen\u011bn\u00ed na trhu pr\u00e1ce nebo k z\u00edsk\u00e1n\u00ed va\u0161eho lep\u0161\u00edho pracovn\u00edho uplatn\u011bn\u00ed. Pr\u016fzkumu v\u011bnujte pros\u00edm n\u011bkolik minut sv\u00e9ho \u010dasu a vypl\u0148te pot\u0159ebn\u00e9<\/p>\n","protected":false},"author":2,"featured_media":0,"parent":96,"menu_order":1,"comment_status":"closed","ping_status":"closed","template":"","meta":{"inline_featured_image":false,"footnotes":""},"class_list":["post-208","page","type-page","status-publish","hentry","","tg-column-two"],"_links":{"self":[{"href":"https:\/\/www.porodniasistentky.info\/index.php\/wp-json\/wp\/v2\/pages\/208","targetHints":{"allow":["GET"]}}],"collection":[{"href":"https:\/\/www.porodniasistentky.info\/index.php\/wp-json\/wp\/v2\/pages"}],"about":[{"href":"https:\/\/www.porodniasistentky.info\/index.php\/wp-json\/wp\/v2\/types\/page"}],"author":[{"embeddable":true,"href":"https:\/\/www.porodniasistentky.info\/index.php\/wp-json\/wp\/v2\/users\/2"}],"replies":[{"embeddable":true,"href":"https:\/\/www.porodniasistentky.info\/index.php\/wp-json\/wp\/v2\/comments?post=208"}],"version-history":[{"count":1,"href":"https:\/\/www.porodniasistentky.info\/index.php\/wp-json\/wp\/v2\/pages\/208\/revisions"}],"predecessor-version":[{"id":209,"href":"https:\/\/www.porodniasistentky.info\/index.php\/wp-json\/wp\/v2\/pages\/208\/revisions\/209"}],"up":[{"embeddable":true,"href":"https:\/\/www.porodniasistentky.info\/index.php\/wp-json\/wp\/v2\/pages\/96"}],"wp:attachment":[{"href":"https:\/\/www.porodniasistentky.info\/index.php\/wp-json\/wp\/v2\/media?parent=208"}],"curies":[{"name":"wp","href":"https:\/\/api.w.org\/{rel}","templated":true}]}}