{"id":205,"date":"2016-08-09T11:48:20","date_gmt":"2016-08-09T10:48:20","guid":{"rendered":"http:\/\/porodniasistentky.3sixty.eu\/?page_id=205"},"modified":"2016-08-18T11:08:24","modified_gmt":"2016-08-18T10:08:24","slug":"tehotenska-cukrovka","status":"publish","type":"page","link":"https:\/\/www.porodniasistentky.info\/index.php\/pruzkumy\/tehotenska-cukrovka\/","title":{"rendered":"T\u011bhotensk\u00e1 cukrovka"},"content":{"rendered":"<p>\u010cesk\u00e1 spole\u010dnost porodn\u00ed asistentek se za\u0159adila do programu nov\u00fdch doporu\u010den\u00fdch postup\u016f pro diagnostikov\u00e1n\u00ed t\u011bhotensk\u00e9 cukrovky.<\/p>\n<p>Na z\u00e1klad\u011b sb\u011bru t\u011bchto dat, byly vypracov\u00e1ny nov\u00e9 doporu\u010den\u00e9 postupy, kter\u00e9 byly p\u0159edb\u011b\u017en\u011b schv\u00e1leny jako testovac\u00ed verze na jeden rok \u010ceskou gynekologicko &#8211; porodnickou spole\u010dnost\u00ed \u00a0\u010cLS JEP.<\/p>\n<p><a href=\"https:\/\/www.survio.com\/survey\/d\/H0L1F3O5P9L3P8Y3J\">Dotazn\u00edk m\u016f\u017eete vyplnit zde<\/a><\/p>\n","protected":false},"excerpt":{"rendered":"<p>\u010cesk\u00e1 spole\u010dnost porodn\u00ed asistentek se za\u0159adila do programu nov\u00fdch doporu\u010den\u00fdch postup\u016f pro diagnostikov\u00e1n\u00ed t\u011bhotensk\u00e9 cukrovky. Na z\u00e1klad\u011b sb\u011bru t\u011bchto dat, byly vypracov\u00e1ny nov\u00e9 doporu\u010den\u00e9 postupy, kter\u00e9 byly p\u0159edb\u011b\u017en\u011b schv\u00e1leny jako testovac\u00ed verze na jeden rok \u010ceskou gynekologicko &#8211; porodnickou spole\u010dnost\u00ed<\/p>\n","protected":false},"author":2,"featured_media":0,"parent":96,"menu_order":0,"comment_status":"closed","ping_status":"closed","template":"","meta":{"inline_featured_image":false,"footnotes":""},"class_list":["post-205","page","type-page","status-publish","hentry","","tg-column-two"],"_links":{"self":[{"href":"https:\/\/www.porodniasistentky.info\/index.php\/wp-json\/wp\/v2\/pages\/205","targetHints":{"allow":["GET"]}}],"collection":[{"href":"https:\/\/www.porodniasistentky.info\/index.php\/wp-json\/wp\/v2\/pages"}],"about":[{"href":"https:\/\/www.porodniasistentky.info\/index.php\/wp-json\/wp\/v2\/types\/page"}],"author":[{"embeddable":true,"href":"https:\/\/www.porodniasistentky.info\/index.php\/wp-json\/wp\/v2\/users\/2"}],"replies":[{"embeddable":true,"href":"https:\/\/www.porodniasistentky.info\/index.php\/wp-json\/wp\/v2\/comments?post=205"}],"version-history":[{"count":2,"href":"https:\/\/www.porodniasistentky.info\/index.php\/wp-json\/wp\/v2\/pages\/205\/revisions"}],"predecessor-version":[{"id":365,"href":"https:\/\/www.porodniasistentky.info\/index.php\/wp-json\/wp\/v2\/pages\/205\/revisions\/365"}],"up":[{"embeddable":true,"href":"https:\/\/www.porodniasistentky.info\/index.php\/wp-json\/wp\/v2\/pages\/96"}],"wp:attachment":[{"href":"https:\/\/www.porodniasistentky.info\/index.php\/wp-json\/wp\/v2\/media?parent=205"}],"curies":[{"name":"wp","href":"https:\/\/api.w.org\/{rel}","templated":true}]}}