{"id":1777,"date":"2018-06-29T13:50:57","date_gmt":"2018-06-29T12:50:57","guid":{"rendered":"http:\/\/www.porodniasistentky.info\/?page_id=1777"},"modified":"2018-10-11T08:10:31","modified_gmt":"2018-10-11T07:10:31","slug":"gestacni-diabetes-mellitus-2018","status":"publish","type":"page","link":"https:\/\/www.porodniasistentky.info\/index.php\/vzdelavani\/vzdelavani-2018\/gestacni-diabetes-mellitus-2018\/","title":{"rendered":"Gesta\u010dn\u00ed diabetes mellitus 2018"},"content":{"rendered":"<p><strong>Praha, 26. z\u00e1\u0159\u00ed 2018<br \/>\n<\/strong><strong>M\u00edsto kon\u00e1n\u00ed:<\/strong> nov\u00e1 budova N\u00e1rodn\u00edho muzea v Praze (b\u00fdval\u00e9 Feder\u00e1ln\u00ed shrom\u00e1\u017ed\u011bn\u00ed), Vinohradsk\u00e1 1<\/p>\n<p><strong>Brno, 7. listopadu 2018<br \/>\nM\u00edsto kon\u00e1n\u00ed:\u00a0<\/strong><a href=\"https:\/\/www.konfi.cz\/konference\/internesto\/\" target=\"_blank\" rel=\"noopener\" data-saferedirecturl=\"https:\/\/www.google.com\/url?q=https:\/\/www.konfi.cz\/konference\/internesto\/&amp;source=gmail&amp;ust=1539327571713000&amp;usg=AFQjCNGLanB5Vcenv-9SixuksLGWB8RKhA\">Internesto<\/a>\u00a0&#8211;\u00a0EDUnesto &#8211; konferen\u010dn\u00ed m\u00edstnost,\u00a0Vesel\u00e1 14, Brno<\/p>\n<p><strong>Z\u00e1\u0161tita:<br \/>\n<\/strong>Gynekologicko \u2013 porodnick\u00e1 klinika 1. LF UK a VFN v Praze<br \/>\nIII. Intern\u00ed klinika 1. LF UK a VFN v Praze<\/p>\n<p><strong>Organiz\u00e1tor:<\/strong><br \/>\n\u010cesk\u00e1 spole\u010dnost porodn\u00edch asistentek<\/p>\n<p><strong>Garanti:<\/strong><br \/>\nprof. MUDr. \u0160t\u011bp\u00e1n Sva\u010dina, DrSc., MBA<br \/>\nprof. MUDr. Anton\u00edn Pa\u0159\u00edzek, CSc.<\/p>\n<p><strong>Registra\u010dn\u00ed poplatek:<br \/>\n<\/strong>L\u00e9ka\u0159i: 500,- K\u010d<br \/>\nNel\u00e9ka\u0159i: 400,- K\u010d<br \/>\n\u010clenky \u010cSPA: 300,- K\u010d<\/p>\n<p><a href=\"https:\/\/www.porodniasistentky.info\/wp-content\/uploads\/2018\/10\/Program-Brno-7.-11.-2018.pdf\" class=\"mtli_attachment mtli_pdf\">Program Brno 7. 11. 2018<\/a><\/p>\n<p><img decoding=\"async\" class=\"wp-image-2287 alignright\" src=\"https:\/\/www.porodniasistentky.info\/wp-content\/uploads\/2018\/10\/SANOFI_Logo_Horizontal_2011_4colors-300x64.jpg\" alt=\"\" width=\"226\" height=\"48\" srcset=\"https:\/\/www.porodniasistentky.info\/wp-content\/uploads\/2018\/10\/SANOFI_Logo_Horizontal_2011_4colors-300x64.jpg 300w, https:\/\/www.porodniasistentky.info\/wp-content\/uploads\/2018\/10\/SANOFI_Logo_Horizontal_2011_4colors-768x164.jpg 768w, https:\/\/www.porodniasistentky.info\/wp-content\/uploads\/2018\/10\/SANOFI_Logo_Horizontal_2011_4colors-1024x218.jpg 1024w\" sizes=\"(max-width: 226px) 100vw, 226px\" \/><\/p>\n<p><strong>Registrace:<\/strong><\/p>\n\n<div class=\"wpcf7 no-js\" id=\"wpcf7-f1779-o1\" lang=\"cs-CZ\" dir=\"ltr\" data-wpcf7-id=\"1779\">\n<div class=\"screen-reader-response\"><p role=\"status\" aria-live=\"polite\" aria-atomic=\"true\"><\/p> <ul><\/ul><\/div>\n<form action=\"\/index.php\/wp-json\/wp\/v2\/pages\/1777#wpcf7-f1779-o1\" method=\"post\" class=\"wpcf7-form init\" aria-label=\"Kontaktn\u00ed formul\u00e1\u0159\" novalidate=\"novalidate\" data-status=\"init\">\n<fieldset class=\"hidden-fields-container\"><input type=\"hidden\" name=\"_wpcf7\" value=\"1779\" \/><input type=\"hidden\" name=\"_wpcf7_version\" value=\"6.1.5\" \/><input type=\"hidden\" name=\"_wpcf7_locale\" value=\"cs_CZ\" \/><input type=\"hidden\" name=\"_wpcf7_unit_tag\" value=\"wpcf7-f1779-o1\" \/><input type=\"hidden\" name=\"_wpcf7_container_post\" value=\"0\" \/><input type=\"hidden\" name=\"_wpcf7_posted_data_hash\" value=\"\" \/>\n<\/fieldset>\n<p><label> Va\u0161e jm\u00e9no (vy\u017eadov\u00e1no)<br \/>\n<span class=\"wpcf7-form-control-wrap\" data-name=\"your-first-name\"><input size=\"40\" maxlength=\"400\" class=\"wpcf7-form-control wpcf7-text wpcf7-validates-as-required\" aria-required=\"true\" aria-invalid=\"false\" value=\"\" type=\"text\" name=\"your-first-name\" \/><\/span> <\/label>\n<\/p>\n<p><label> Va\u0161e p\u0159\u00edjmen\u00ed (vy\u017eadov\u00e1no)<br \/>\n<span class=\"wpcf7-form-control-wrap\" data-name=\"your-second-name\"><input size=\"40\" maxlength=\"400\" class=\"wpcf7-form-control wpcf7-text wpcf7-validates-as-required\" aria-required=\"true\" aria-invalid=\"false\" value=\"\" type=\"text\" name=\"your-second-name\" \/><\/span> <\/label>\n<\/p>\n<p><label> V\u00e1\u0161 e-mail (vy\u017eadov\u00e1no)<br \/>\n<span class=\"wpcf7-form-control-wrap\" data-name=\"your-email\"><input size=\"40\" maxlength=\"400\" class=\"wpcf7-form-control wpcf7-email wpcf7-validates-as-required wpcf7-text wpcf7-validates-as-email\" aria-required=\"true\" aria-invalid=\"false\" value=\"\" type=\"email\" name=\"your-email\" \/><\/span> <\/label>\n<\/p>\n<p><label> V\u00e1\u0161e tel.\u010d\u00edslo (vy\u017eadov\u00e1no)<br \/>\n<span class=\"wpcf7-form-control-wrap\" data-name=\"tel-420\"><input size=\"40\" maxlength=\"400\" class=\"wpcf7-form-control wpcf7-tel wpcf7-validates-as-required wpcf7-text wpcf7-validates-as-tel\" aria-required=\"true\" aria-invalid=\"false\" value=\"\" type=\"tel\" name=\"tel-420\" \/><\/span><br \/>\n<\/label><label> Vyberte Va\u0161e pracovn\u00ed za\u0159azen\u00ed (vy\u017eadov\u00e1no)<br \/>\n<span class=\"wpcf7-form-control-wrap\" data-name=\"menu-910\"><select class=\"wpcf7-form-control wpcf7-select wpcf7-validates-as-required\" aria-required=\"true\" aria-invalid=\"false\" name=\"menu-910\"><option value=\"L\u00e9ka\u0159\">L\u00e9ka\u0159<\/option><option value=\"Nel\u00e9ka\u0159, \u010dlen \u010cSPA\">Nel\u00e9ka\u0159, \u010dlen \u010cSPA<\/option><option value=\"Nel\u00e9ka\u0159\">Nel\u00e9ka\u0159<\/option><\/select><\/span><br \/>\n<\/label><label> Adresa va\u0161eho pracovi\u0161t\u011b (vy\u017eadov\u00e1no)<br \/>\n<span class=\"wpcf7-form-control-wrap\" data-name=\"textarea-911\"><textarea cols=\"40\" rows=\"10\" maxlength=\"2000\" class=\"wpcf7-form-control wpcf7-textarea wpcf7-validates-as-required\" aria-required=\"true\" aria-invalid=\"false\" name=\"textarea-911\"><\/textarea><\/span><br \/>\n<\/label><label> Vyberte m\u00edsto a datum kon\u00e1n\u00ed (vy\u017eadov\u00e1no)<br \/>\n<span class=\"wpcf7-form-control-wrap\" data-name=\"menu-912\"><select class=\"wpcf7-form-control wpcf7-select wpcf7-validates-as-required\" aria-required=\"true\" aria-invalid=\"false\" name=\"menu-912\"><option value=\"Brno 7. 11. 2018\">Brno 7. 11. 2018<\/option><\/select><\/span><br \/>\n<input class=\"wpcf7-form-control wpcf7-submit has-spinner\" type=\"submit\" value=\"Odeslat\" \/><\/label>\n<\/p><p style=\"display: none !important;\" class=\"akismet-fields-container\" data-prefix=\"_wpcf7_ak_\"><label>&#916;<textarea name=\"_wpcf7_ak_hp_textarea\" cols=\"45\" rows=\"8\" maxlength=\"100\"><\/textarea><\/label><input type=\"hidden\" id=\"ak_js_1\" name=\"_wpcf7_ak_js\" value=\"23\"\/><script>document.getElementById( \"ak_js_1\" ).setAttribute( \"value\", ( new Date() ).getTime() );<\/script><\/p><div class=\"wpcf7-response-output\" aria-hidden=\"true\"><\/div>\n<\/form>\n<\/div>\n\n","protected":false},"excerpt":{"rendered":"<p>Praha, 26. z\u00e1\u0159\u00ed 2018 M\u00edsto kon\u00e1n\u00ed: nov\u00e1 budova N\u00e1rodn\u00edho muzea v Praze (b\u00fdval\u00e9 Feder\u00e1ln\u00ed shrom\u00e1\u017ed\u011bn\u00ed), Vinohradsk\u00e1 1 Brno, 7. listopadu 2018 M\u00edsto kon\u00e1n\u00ed:\u00a0Internesto\u00a0&#8211;\u00a0EDUnesto &#8211; konferen\u010dn\u00ed m\u00edstnost,\u00a0Vesel\u00e1 14, Brno Z\u00e1\u0161tita: Gynekologicko \u2013 porodnick\u00e1 klinika 1. LF UK a VFN v Praze<\/p>\n","protected":false},"author":3,"featured_media":0,"parent":1444,"menu_order":2,"comment_status":"closed","ping_status":"closed","template":"","meta":{"inline_featured_image":false,"footnotes":""},"class_list":["post-1777","page","type-page","status-publish","hentry","","tg-column-two"],"_links":{"self":[{"href":"https:\/\/www.porodniasistentky.info\/index.php\/wp-json\/wp\/v2\/pages\/1777","targetHints":{"allow":["GET"]}}],"collection":[{"href":"https:\/\/www.porodniasistentky.info\/index.php\/wp-json\/wp\/v2\/pages"}],"about":[{"href":"https:\/\/www.porodniasistentky.info\/index.php\/wp-json\/wp\/v2\/types\/page"}],"author":[{"embeddable":true,"href":"https:\/\/www.porodniasistentky.info\/index.php\/wp-json\/wp\/v2\/users\/3"}],"replies":[{"embeddable":true,"href":"https:\/\/www.porodniasistentky.info\/index.php\/wp-json\/wp\/v2\/comments?post=1777"}],"version-history":[{"count":23,"href":"https:\/\/www.porodniasistentky.info\/index.php\/wp-json\/wp\/v2\/pages\/1777\/revisions"}],"predecessor-version":[{"id":2339,"href":"https:\/\/www.porodniasistentky.info\/index.php\/wp-json\/wp\/v2\/pages\/1777\/revisions\/2339"}],"up":[{"embeddable":true,"href":"https:\/\/www.porodniasistentky.info\/index.php\/wp-json\/wp\/v2\/pages\/1444"}],"wp:attachment":[{"href":"https:\/\/www.porodniasistentky.info\/index.php\/wp-json\/wp\/v2\/media?parent=1777"}],"curies":[{"name":"wp","href":"https:\/\/api.w.org\/{rel}","templated":true}]}}