{"id":1581,"date":"2018-04-03T08:29:44","date_gmt":"2018-04-03T07:29:44","guid":{"rendered":"http:\/\/www.porodniasistentky.info\/?page_id=1581"},"modified":"2018-11-02T10:34:24","modified_gmt":"2018-11-02T09:34:24","slug":"porodnicka-analgezie-a-anestezie-2018","status":"publish","type":"page","link":"https:\/\/www.porodniasistentky.info\/index.php\/vzdelavani\/vzdelavani-2018\/porodnicka-analgezie-a-anestezie-2018\/","title":{"rendered":"Porodnick\u00e1 analgezie a anestezie 2018"},"content":{"rendered":"<p><strong>Dne 24. 3. 2018\u00a0 prob\u011bhl \u00a065. intenzivn\u00ed postgradu\u00e1ln\u00ed kurz Porodnick\u00e1 analgezie a anestezie na p\u016fd\u011b Gynekologicko- porodnick\u00e9 kliniky 1. LF UK a VFN v Praze.<br \/>\n<\/strong><\/p>\n<p>65. postgradu\u00e1ln\u00edho kurzu se z\u00fa\u010dastnilo 115 \u00fa\u010dastn\u00edk\u016f z \u0159ad l\u00e9ka\u0159\u016f specialist\u016f , porodn\u00edch asistentek i studentek porodn\u00ed asistence a v pr\u016fb\u011bhu cel\u00e9ho dne se sezn\u00e1mili s posledn\u00edmi novinkami z oblasti porodnick\u00e9 analgezie a anestezie.<\/p>\n<p><strong>Tento kurz Porodnick\u00e1 analgezie a anestezie je organizov\u00e1n bez p\u0159est\u00e1vky 25 let,\u00a0<\/strong><strong>za\u00a0\u010dtvrtstolet\u00ed \u00a0zde nalezlo vzd\u011bl\u00e1n\u00ed v\u00edce ne\u017e 2.600 l\u00e9ka\u0159\u016f (porodnici, anesteziologov\u00e9, pediat\u0159i)\u00a0a porodn\u00ed asistentky\u00a0<\/strong><strong>z cel\u00e9 \u010cesk\u00e9 republiky a Slovenska.\u00a0\u00a0<\/strong><\/p>\n<p><strong>Odborn\u00fd garant:<br \/>\n<\/strong>prof. MUDr. Anton\u00edn Pa\u0159\u00edzek, CSc.<br \/>\np\u0159edseda Sekce analgezie a intenzivn\u00ed medic\u00edny v porodnictv\u00ed\u00a0p\u0159i \u010cGPS \u010cLS JEP<\/p>\n<p><strong>Program:<\/strong><br \/>\n<a href=\"https:\/\/www.porodniasistentky.info\/wp-content\/uploads\/2018\/04\/Porodnicka_AA_24_brezna_2018_program-1.pdf\" class=\"mtli_attachment mtli_pdf\">Kurz porodnick\u00e9 analgezie a anesteie<\/a><\/p>\n<p><strong>Po\u0159\u00e1dali:<br \/>\n<\/strong>Gynekologicko\u2013porodnick\u00e1 klinika 1. LF UK a VFN v Praze<br \/>\nSekce analgezie a intenzivn\u00ed medic\u00edny v porodnictv\u00ed\u00a0p\u0159i \u010cGPS \u010cLS JEP<br \/>\nSekce porodnick\u00e9 anestezie a analgezie p\u0159i \u010cSARIM \u010cLS JEP<br \/>\n\u010cesk\u00e1 spole\u010dnost porodn\u00edch asistentek (\u010cSPA)<br \/>\nAesculap Akademie<\/p>\n<p>&nbsp;<\/p>\n<p><a href=\"https:\/\/www.lekaridnes.cz\/index.php\/prednasky-porodnicka-analgezie-a-anestezie-2018\/\"><img fetchpriority=\"high\" decoding=\"async\" class=\"alignnone wp-image-1595\" src=\"https:\/\/www.porodniasistentky.info\/wp-content\/uploads\/2018\/04\/Untitled-design-1-300x37.png\" alt=\"\" width=\"965\" height=\"119\" srcset=\"https:\/\/www.porodniasistentky.info\/wp-content\/uploads\/2018\/04\/Untitled-design-1-300x37.png 300w, https:\/\/www.porodniasistentky.info\/wp-content\/uploads\/2018\/04\/Untitled-design-1-720x90.png 720w, https:\/\/www.porodniasistentky.info\/wp-content\/uploads\/2018\/04\/Untitled-design-1.png 728w\" sizes=\"(max-width: 965px) 100vw, 965px\" \/><\/a><\/p>\n<p>&nbsp;<\/p>\n<p>&nbsp;<\/p>\n<div id='gallery-1' class='gallery galleryid-1581 gallery-columns-3 gallery-size-medium'><figure class='gallery-item'>\n\t\t\t<div class='gallery-icon landscape'>\n\t\t\t\t<a href='https:\/\/www.porodniasistentky.info\/wp-content\/uploads\/2018\/04\/SPAA-2018.jpg' title=\"\" data-rl_title=\"\" class=\"rl-gallery-link\" data-rl_caption=\"\" data-rel=\"lightbox-gallery-1\"><img decoding=\"async\" width=\"300\" height=\"200\" src=\"https:\/\/www.porodniasistentky.info\/wp-content\/uploads\/2018\/04\/SPAA-2018-300x200.jpg\" class=\"attachment-medium size-medium\" alt=\"\" \/><\/a>\n\t\t\t<\/div><\/figure><figure class='gallery-item'>\n\t\t\t<div class='gallery-icon landscape'>\n\t\t\t\t<a href='https:\/\/www.porodniasistentky.info\/wp-content\/uploads\/2018\/04\/SPAA-2018-1.jpg' title=\"\" data-rl_title=\"\" class=\"rl-gallery-link\" data-rl_caption=\"\" data-rel=\"lightbox-gallery-1\"><img decoding=\"async\" width=\"300\" height=\"200\" src=\"https:\/\/www.porodniasistentky.info\/wp-content\/uploads\/2018\/04\/SPAA-2018-1-300x200.jpg\" class=\"attachment-medium size-medium\" alt=\"\" \/><\/a>\n\t\t\t<\/div><\/figure><figure class='gallery-item'>\n\t\t\t<div class='gallery-icon landscape'>\n\t\t\t\t<a href='https:\/\/www.porodniasistentky.info\/wp-content\/uploads\/2018\/04\/SPAA-2.jpg' title=\"\" data-rl_title=\"\" class=\"rl-gallery-link\" data-rl_caption=\"\" data-rel=\"lightbox-gallery-1\"><img loading=\"lazy\" decoding=\"async\" width=\"300\" height=\"200\" src=\"https:\/\/www.porodniasistentky.info\/wp-content\/uploads\/2018\/04\/SPAA-2-300x200.jpg\" class=\"attachment-medium size-medium\" alt=\"\" \/><\/a>\n\t\t\t<\/div><\/figure>\n\t\t<\/div>\n\n","protected":false},"excerpt":{"rendered":"<p>Dne 24. 3. 2018\u00a0 prob\u011bhl \u00a065. intenzivn\u00ed postgradu\u00e1ln\u00ed kurz Porodnick\u00e1 analgezie a anestezie na p\u016fd\u011b Gynekologicko- porodnick\u00e9 kliniky 1. LF UK a VFN v Praze. 65. postgradu\u00e1ln\u00edho kurzu se z\u00fa\u010dastnilo 115 \u00fa\u010dastn\u00edk\u016f z \u0159ad l\u00e9ka\u0159\u016f specialist\u016f , porodn\u00edch asistentek i<\/p>\n","protected":false},"author":3,"featured_media":0,"parent":1444,"menu_order":6,"comment_status":"closed","ping_status":"closed","template":"","meta":{"inline_featured_image":false,"footnotes":""},"class_list":["post-1581","page","type-page","status-publish","hentry","","tg-column-two"],"_links":{"self":[{"href":"https:\/\/www.porodniasistentky.info\/index.php\/wp-json\/wp\/v2\/pages\/1581","targetHints":{"allow":["GET"]}}],"collection":[{"href":"https:\/\/www.porodniasistentky.info\/index.php\/wp-json\/wp\/v2\/pages"}],"about":[{"href":"https:\/\/www.porodniasistentky.info\/index.php\/wp-json\/wp\/v2\/types\/page"}],"author":[{"embeddable":true,"href":"https:\/\/www.porodniasistentky.info\/index.php\/wp-json\/wp\/v2\/users\/3"}],"replies":[{"embeddable":true,"href":"https:\/\/www.porodniasistentky.info\/index.php\/wp-json\/wp\/v2\/comments?post=1581"}],"version-history":[{"count":11,"href":"https:\/\/www.porodniasistentky.info\/index.php\/wp-json\/wp\/v2\/pages\/1581\/revisions"}],"predecessor-version":[{"id":1599,"href":"https:\/\/www.porodniasistentky.info\/index.php\/wp-json\/wp\/v2\/pages\/1581\/revisions\/1599"}],"up":[{"embeddable":true,"href":"https:\/\/www.porodniasistentky.info\/index.php\/wp-json\/wp\/v2\/pages\/1444"}],"wp:attachment":[{"href":"https:\/\/www.porodniasistentky.info\/index.php\/wp-json\/wp\/v2\/media?parent=1581"}],"curies":[{"name":"wp","href":"https:\/\/api.w.org\/{rel}","templated":true}]}}