{"id":1446,"date":"2018-01-16T12:21:52","date_gmt":"2018-01-16T11:21:52","guid":{"rendered":"http:\/\/www.porodniasistentky.info\/?page_id=1446"},"modified":"2018-12-12T13:05:12","modified_gmt":"2018-12-12T12:05:12","slug":"kojeni-jednotny-porodnicky-tym","status":"publish","type":"page","link":"https:\/\/www.porodniasistentky.info\/index.php\/vzdelavani\/vzdelavani-2018\/kojeni-jednotny-porodnicky-tym\/","title":{"rendered":"Kojen\u00ed &#8222;jednotn\u00fd porodnick\u00fd t\u00fdm&#8220;"},"content":{"rendered":"<h2>Workshop\u00a0<strong>Kojen\u00ed &#8222;jednotn\u00fd porodnick\u00fd t\u00fdm&#8220;,<\/strong><\/h2>\n<p>kter\u00fd je ur\u010den mlad\u00fdm l\u00e9ka\u0159\u016fm, porodn\u00edm asistentk\u00e1m a lakta\u010dn\u00edm poradkyn\u00edm pracuj\u00edc\u00edch v\u00a0perinatologick\u00fdch centrech \u010cR, kter\u00fdch je celkem 12. Workshop je rozd\u011blen do p\u011bti \u00farovn\u00ed abychom dos\u00e1hli maxim\u00e1ln\u00edho dopadu na \u00fa\u010dastn\u00edky workshopu.<\/p>\n<p><strong>Poslucha\u010di obdr\u017e\u00ed:<\/strong><\/p>\n<ol>\n<li>teoretickou p\u0159\u00edpravu,<\/li>\n<li>praktick\u00fd n\u00e1cvik technik kojen\u00ed,<\/li>\n<li>kompletn\u00ed informace v\u00a0ti\u0161t\u011bn\u00e9 podob\u011b,<\/li>\n<li>\u010dasov\u011b omezen\u00fd p\u0159\u00edstup do elektronick\u00e9 verze workshopu s\u00a0roz\u0161\u00ed\u0159en\u00fdmi informacemi,<\/li>\n<li>z\u00e1v\u011bre\u010dn\u00e9 testov\u00e1n\u00ed. Na z\u00e1klad\u011b m\u00edry \u00fasp\u011bchu v testu se \u00fa\u010dastn\u00edk kurzu bude moci st\u00e1t \u0161kolitelem pro dan\u00e9 perinatologick\u00e9 centrum.<\/li>\n<\/ol>\n<p>Tento workshop z\u00edskal z\u00e1\u0161titu<br \/>\n<strong>sen\u00e1tora Parlamentu \u010cesk\u00e9 republiky pana doc. MUDr. Lum\u00edra Kantora, CSc.<\/strong>,<br \/>\np\u0159edn\u00edho \u010desk\u00e9ho neonatologa..<\/p>\n<p><strong style=\"font-size: 16px;\">Garanti:<br \/>\n<\/strong> MUDr. Milena Dokoupilov\u00e1<br \/>\ndoc. PhDr. Yvetta Vrublov\u00e1, Ph.D.<\/p>\n<p><a href=\"https:\/\/www.porodniasistentky.info\/wp-content\/uploads\/2018\/01\/Kojeni_Praha.pdf\" class=\"mtli_attachment mtli_pdf\">Kojen\u00ed program<\/a><\/p>\n<p><strong>Registrace je ukon\u010dena.<\/strong><\/p>\n","protected":false},"excerpt":{"rendered":"<p>Workshop\u00a0Kojen\u00ed &#8222;jednotn\u00fd porodnick\u00fd t\u00fdm&#8220;, kter\u00fd je ur\u010den mlad\u00fdm l\u00e9ka\u0159\u016fm, porodn\u00edm asistentk\u00e1m a lakta\u010dn\u00edm poradkyn\u00edm pracuj\u00edc\u00edch v\u00a0perinatologick\u00fdch centrech \u010cR, kter\u00fdch je celkem 12. Workshop je rozd\u011blen do p\u011bti \u00farovn\u00ed abychom dos\u00e1hli maxim\u00e1ln\u00edho dopadu na \u00fa\u010dastn\u00edky workshopu. Poslucha\u010di obdr\u017e\u00ed: teoretickou p\u0159\u00edpravu, praktick\u00fd<\/p>\n","protected":false},"author":3,"featured_media":0,"parent":1444,"menu_order":1,"comment_status":"closed","ping_status":"closed","template":"","meta":{"inline_featured_image":false,"footnotes":""},"class_list":["post-1446","page","type-page","status-publish","hentry","","tg-column-two"],"_links":{"self":[{"href":"https:\/\/www.porodniasistentky.info\/index.php\/wp-json\/wp\/v2\/pages\/1446","targetHints":{"allow":["GET"]}}],"collection":[{"href":"https:\/\/www.porodniasistentky.info\/index.php\/wp-json\/wp\/v2\/pages"}],"about":[{"href":"https:\/\/www.porodniasistentky.info\/index.php\/wp-json\/wp\/v2\/types\/page"}],"author":[{"embeddable":true,"href":"https:\/\/www.porodniasistentky.info\/index.php\/wp-json\/wp\/v2\/users\/3"}],"replies":[{"embeddable":true,"href":"https:\/\/www.porodniasistentky.info\/index.php\/wp-json\/wp\/v2\/comments?post=1446"}],"version-history":[{"count":9,"href":"https:\/\/www.porodniasistentky.info\/index.php\/wp-json\/wp\/v2\/pages\/1446\/revisions"}],"predecessor-version":[{"id":2715,"href":"https:\/\/www.porodniasistentky.info\/index.php\/wp-json\/wp\/v2\/pages\/1446\/revisions\/2715"}],"up":[{"embeddable":true,"href":"https:\/\/www.porodniasistentky.info\/index.php\/wp-json\/wp\/v2\/pages\/1444"}],"wp:attachment":[{"href":"https:\/\/www.porodniasistentky.info\/index.php\/wp-json\/wp\/v2\/media?parent=1446"}],"curies":[{"name":"wp","href":"https:\/\/api.w.org\/{rel}","templated":true}]}}