{"id":120,"date":"2016-08-01T11:37:44","date_gmt":"2016-08-01T10:37:44","guid":{"rendered":"http:\/\/porodniasistentky.3sixty.eu\/?page_id=120"},"modified":"2020-01-06T10:23:20","modified_gmt":"2020-01-06T09:23:20","slug":"vzdelavani-2014","status":"publish","type":"page","link":"https:\/\/www.porodniasistentky.info\/index.php\/vzdelavani\/vzdelavani-2014\/","title":{"rendered":"Vzd\u011bl\u00e1v\u00e1n\u00ed 2014"},"content":{"rendered":"","protected":false},"excerpt":{"rendered":"","protected":false},"author":2,"featured_media":0,"parent":64,"menu_order":7,"comment_status":"closed","ping_status":"closed","template":"","meta":{"inline_featured_image":false,"footnotes":""},"class_list":["post-120","page","type-page","status-publish","hentry","","tg-column-two"],"_links":{"self":[{"href":"https:\/\/www.porodniasistentky.info\/index.php\/wp-json\/wp\/v2\/pages\/120","targetHints":{"allow":["GET"]}}],"collection":[{"href":"https:\/\/www.porodniasistentky.info\/index.php\/wp-json\/wp\/v2\/pages"}],"about":[{"href":"https:\/\/www.porodniasistentky.info\/index.php\/wp-json\/wp\/v2\/types\/page"}],"author":[{"embeddable":true,"href":"https:\/\/www.porodniasistentky.info\/index.php\/wp-json\/wp\/v2\/users\/2"}],"replies":[{"embeddable":true,"href":"https:\/\/www.porodniasistentky.info\/index.php\/wp-json\/wp\/v2\/comments?post=120"}],"version-history":[{"count":1,"href":"https:\/\/www.porodniasistentky.info\/index.php\/wp-json\/wp\/v2\/pages\/120\/revisions"}],"predecessor-version":[{"id":121,"href":"https:\/\/www.porodniasistentky.info\/index.php\/wp-json\/wp\/v2\/pages\/120\/revisions\/121"}],"up":[{"embeddable":true,"href":"https:\/\/www.porodniasistentky.info\/index.php\/wp-json\/wp\/v2\/pages\/64"}],"wp:attachment":[{"href":"https:\/\/www.porodniasistentky.info\/index.php\/wp-json\/wp\/v2\/media?parent=120"}],"curies":[{"name":"wp","href":"https:\/\/api.w.org\/{rel}","templated":true}]}}