{"id":1111,"date":"2017-08-24T07:42:49","date_gmt":"2017-08-24T06:42:49","guid":{"rendered":"http:\/\/www.porodniasistentky.info\/?page_id=1111"},"modified":"2017-11-10T12:22:06","modified_gmt":"2017-11-10T11:22:06","slug":"vysoke-skoly","status":"publish","type":"page","link":"https:\/\/www.porodniasistentky.info\/index.php\/vysoke-skoly\/","title":{"rendered":"Vysok\u00e9 \u0161koly"},"content":{"rendered":"<h3><img decoding=\"async\" class=\" wp-image-1156 alignleft\" src=\"https:\/\/www.porodniasistentky.info\/wp-content\/uploads\/2017\/08\/Yvetta-250x300.jpg\" alt=\"\" width=\"153\" height=\"184\" srcset=\"https:\/\/www.porodniasistentky.info\/wp-content\/uploads\/2017\/08\/Yvetta-250x300.jpg 250w, https:\/\/www.porodniasistentky.info\/wp-content\/uploads\/2017\/08\/Yvetta.jpg 257w\" sizes=\"(max-width: 153px) 100vw, 153px\" \/>doc. PhDr.Yvetta Vrublov\u00e1, PhD<\/h3>\n<p>Odborn\u00edk a poradce v oblasti vzd\u011bl\u00e1v\u00e1n\u00ed porodn\u00edch asistentek<\/p>\n<div><\/div>\n<p><em>e -mail:<\/em>\u00a0<em>vrublova.cspa@seznam.cz<\/em><\/p>\n<p>tel. kontakt: +420 774 761 580<\/p>\n<p>&nbsp;<\/p>\n<p>&nbsp;<\/p>\n<p style=\"text-align: left;\">Seznam vysok\u00fdch \u0161kol, kter\u00e9 nab\u00edzej\u00ed studium porodn\u00ed asistence a n\u00e1sledn\u00e9 specializa\u010dn\u00ed (magistersk\u00e9) vzd\u011bl\u00e1v\u00e1n\u00ed.<\/p>\n<p>&nbsp;<\/p>\n<table style=\"height: 344px; width: 984px;\">\n<tbody>\n<tr>\n<td style=\"width: 321px; text-align: center;\"><strong>Vysok\u00e1 \u0161kola<\/strong><\/td>\n<td style=\"width: 345px; text-align: center;\"><strong>Adresa<\/strong><\/td>\n<td style=\"width: 145px; text-align: center;\"><strong>forma studia<\/strong><\/td>\n<td style=\"width: 153px; text-align: center;\"><strong>\u00a0akreditace<\/strong><\/td>\n<\/tr>\n<tr>\n<td style=\"width: 321px; text-align: left;\"><a href=\"https:\/\/www.lf1.cuni.cz\/\">1. LF UK v Praze, bakal\u00e1\u0159sk\u00e1 forma<\/a><\/td>\n<td style=\"width: 345px; text-align: center;\">Kate\u0159insk\u00e1 1660\/32 , Praha 2<\/td>\n<td style=\"width: 145px; text-align: center;\">prezen\u010dn\u00ed<\/td>\n<td style=\"width: 153px; text-align: center;\">ano<\/td>\n<\/tr>\n<tr>\n<td style=\"width: 321px; text-align: left;\"><a href=\"https:\/\/www.vszdrav.cz\/cz\/leve-menu\/aktuality\/\">Vysok\u00e1 \u0161kola zdravotnick\u00e1 o.p.s.<\/a><a href=\"https:\/\/www.lf1.cuni.cz\/\">bakal\u00e1\u0159sk\u00e1 forma<\/a><\/td>\n<td style=\"width: 345px; text-align: center;\">Du\u0161kova 7, Praha 5<\/td>\n<td style=\"width: 145px; text-align: center;\">prezen\u010dn\u00ed<\/td>\n<td style=\"width: 153px; text-align: center;\">ano<\/td>\n<\/tr>\n<tr>\n<td style=\"width: 321px; text-align: left;\"><a href=\"https:\/\/kzs.vspj.cz\/o-katedre\">Vysok\u00e1 \u0161kola polytechnick\u00e1 \u00a0Jihlava &#8211; \u00dastav zdravotn\u00edch studi\u00ed,\u00a0\u00a0<\/a><a href=\"https:\/\/www.lf1.cuni.cz\/\">bakal\u00e1\u0159sk\u00e1 forma<\/a><\/td>\n<td style=\"width: 345px; text-align: center;\">Tolst\u00e9ho 1556\/16, Jihlava<\/td>\n<td style=\"width: 145px; text-align: center;\">prezen\u010dn\u00ed<\/td>\n<td style=\"width: 153px; text-align: center;\">ano<\/td>\n<\/tr>\n<tr>\n<td style=\"width: 321px; text-align: left;\"><a href=\"https:\/\/www.upce.cz\/fzs\/index.html\">Univerzita Pardubice, Fakulta zdravotn\u00edch studi\u00ed,\u00a0<\/a><a href=\"https:\/\/www.lf1.cuni.cz\/\">bakal\u00e1\u0159sk\u00e1 forma<\/a><a href=\"https:\/\/www.upce.cz\/fzs\/index.html\">\u00a0+ navazuj\u00edc\u00ed magistersk\u00e9 Periopera\u010dn\u00ed p\u00e9\u010de v porodn\u00ed asistenci<\/a><\/td>\n<td style=\"width: 345px; text-align: center;\"><span class=\"street-address\">Studentsk\u00e1 95<\/span>,\u00a0<span class=\"locality\">Pardubice 2<\/span><\/td>\n<td style=\"width: 145px; text-align: center;\">prezen\u010dn\u00ed<\/td>\n<td style=\"width: 153px; text-align: center;\">ano<\/td>\n<\/tr>\n<tr>\n<td style=\"width: 321px; text-align: left;\"><a href=\"https:\/\/fzs.zcu.cz\/\">Z\u00e1pado\u010desk\u00e1 univerzita v Plzni, Fakulta zdravotn\u00edch studi\u00ed,\u00a0\u00a0<\/a><a href=\"https:\/\/www.lf1.cuni.cz\/\">bakal\u00e1\u0159sk\u00e1 forma<\/a><\/td>\n<td style=\"width: 345px; text-align: center;\">Univerzitn\u00ed ul., 2732\/8,\u00a0Plze\u0148<\/td>\n<td style=\"width: 145px; text-align: center;\">prezen\u010dn\u00ed<\/td>\n<td style=\"width: 153px; text-align: center;\">ano<\/td>\n<\/tr>\n<tr>\n<td style=\"width: 321px; text-align: left;\"><a href=\"https:\/\/www.zsf.jcu.cz\/cs\">Jiho\u010desk\u00e1 univerzita \u010cesk\u00e9 Bud\u011bjovice, Zdravotn\u011b soci\u00e1ln\u00ed fakulta,\u00a0<\/a><a href=\"https:\/\/www.lf1.cuni.cz\/\">bakal\u00e1\u0159sk\u00e1 forma<\/a><\/td>\n<td style=\"width: 345px; text-align: center;\"><span class=\"_xdb\">\u00a0<\/span><span class=\"_Xbe\">Brani\u0161ovsk\u00e1 1645\/31A, \u00a0\u010cesk\u00e9 Bud\u011bjovice<\/span><\/td>\n<td style=\"width: 145px; text-align: center;\">prezen\u010dn\u00ed<\/td>\n<td style=\"width: 153px; text-align: center;\">ano<\/td>\n<\/tr>\n<tr>\n<td style=\"width: 321px; text-align: left;\"><a href=\"https:\/\/www.osu.cz\/\">Ostravsk\u00e1 univerzita v Ostrav\u011b, L\u00e9ka\u0159sk\u00e1 fakulta,\u00a0<\/a><a href=\"https:\/\/www.lf1.cuni.cz\/\">bakal\u00e1\u0159sk\u00e1 forma + navazuj\u00edc\u00ed magistersk\u00e9 Komunitn\u00ed p\u00e9\u010de v porodn\u00ed asistenci<\/a>,<\/td>\n<td style=\"width: 345px; text-align: center;\">\n<div class=\"ui-page ui-page-theme-a ui-page-active\" tabindex=\"0\" data-role=\"page\" data-url=\"\/kontakty\/\">\n<div id=\"page\">\n<div class=\"main\">\n<div id=\"levy\">\n<div class=\"fleft w35 mr5\">\n<p>Syllabova 19,\u00a0 Ostrava &#8211; Z\u00e1b\u0159eh<\/p>\n<\/div>\n<\/div>\n<\/div>\n<\/div>\n<\/div>\n<\/td>\n<td style=\"width: 145px; text-align: center;\">prezen\u010dn\u00ed<\/td>\n<td style=\"width: 153px; text-align: center;\">ano<\/td>\n<\/tr>\n<tr>\n<td style=\"width: 321px; text-align: left;\"><a href=\"https:\/\/www.lfhk.cuni.cz\/\">UK v Praze &#8211; L\u00e9ka\u0159sk\u00e1 fakulta v Hradci Kr\u00e1lov\u00e9,\u00a0<\/a><a href=\"https:\/\/www.lf1.cuni.cz\/\">bakal\u00e1\u0159sk\u00e1 forma<\/a><\/td>\n<td style=\"width: 345px; text-align: center;\">\u0160imkova 870, Hradec Kr\u00e1lov\u00e9<\/td>\n<td style=\"width: 145px; text-align: center;\">prezen\u010dn\u00ed<\/td>\n<td style=\"width: 153px; text-align: center;\">ano<\/td>\n<\/tr>\n<tr>\n<td style=\"width: 321px; text-align: left;\"><a href=\"https:\/\/www.upol.cz\/\">Univerzita Palack\u00e9ho v Olomouci, Fakulta zdravotnick\u00fdch v\u011bd,\u00a0<\/a><a href=\"https:\/\/www.lf1.cuni.cz\/\">bakal\u00e1\u0159sk\u00e1 forma<\/a><a href=\"https:\/\/www.upol.cz\/\">\u00a0+ navazuj\u00edc\u00ed magistersk\u00e9 Intenzivn\u00ed p\u00e9\u010de v porodn\u00ed asistenci<\/a><\/td>\n<td style=\"width: 345px; text-align: center;\">\u00a0K\u0159\u00ed\u017ekovsk\u00e9ho 511\/8, Olomouc<\/td>\n<td style=\"width: 145px; text-align: center;\">prezen\u010dn\u00ed\/ kombinovan\u00e9<\/td>\n<td style=\"width: 153px; text-align: center;\">ano<\/td>\n<\/tr>\n<tr>\n<td style=\"width: 321px; text-align: left;\"><a href=\"https:\/\/fzs.ujep.cz\/\">Univerzita J.E. Purkyn\u011b v \u00dast\u00ed nad Labem, Univerzita zdravotnick\u00fdch studi\u00ed,\u00a0<\/a><a href=\"https:\/\/www.lf1.cuni.cz\/\">bakal\u00e1\u0159sk\u00e1 forma<\/a><\/td>\n<td style=\"width: 345px; text-align: center;\">Velk\u00e1 Hradebn\u00ed 424\/13, \u00dast\u00ed nad Labem<\/td>\n<td style=\"width: 145px; text-align: center;\">prezen\u010dn\u00ed<\/td>\n<td style=\"width: 153px; text-align: center;\">ano<\/td>\n<\/tr>\n<tr>\n<td style=\"width: 321px; text-align: left;\"><a href=\"https:\/\/www.muni.cz\/uchazeci\/doktorske-studium\">Masarykova univerzita v Brn\u011b, L\u00e9ka\u0159sk\u00e1 fakulta, katedra porodn\u00ed asistence,\u00a0<\/a><a href=\"https:\/\/www.lf1.cuni.cz\/\">bakal\u00e1\u0159sk\u00e1 forma<\/a><\/td>\n<td style=\"width: 345px; text-align: center;\">Kamenice 753\/5, Brno, budova A17<\/td>\n<td style=\"width: 145px; text-align: center;\">prezen\u010dn\u00ed<\/td>\n<td style=\"width: 153px; text-align: center;\">ano<\/td>\n<\/tr>\n<\/tbody>\n<\/table>\n<p>&nbsp;<\/p>\n<p>&nbsp;<\/p>\n","protected":false},"excerpt":{"rendered":"<p>doc. PhDr.Yvetta Vrublov\u00e1, PhD Odborn\u00edk a poradce v oblasti vzd\u011bl\u00e1v\u00e1n\u00ed porodn\u00edch asistentek e -mail:\u00a0vrublova.cspa@seznam.cz tel. kontakt: +420 774 761 580 &nbsp; &nbsp; Seznam vysok\u00fdch \u0161kol, kter\u00e9 nab\u00edzej\u00ed studium porodn\u00ed asistence a n\u00e1sledn\u00e9 specializa\u010dn\u00ed (magistersk\u00e9) vzd\u011bl\u00e1v\u00e1n\u00ed. &nbsp; Vysok\u00e1 \u0161kola Adresa forma<\/p>\n","protected":false},"author":2,"featured_media":0,"parent":0,"menu_order":0,"comment_status":"closed","ping_status":"closed","template":"","meta":{"inline_featured_image":false,"footnotes":""},"class_list":["post-1111","page","type-page","status-publish","hentry","","tg-column-two"],"_links":{"self":[{"href":"https:\/\/www.porodniasistentky.info\/index.php\/wp-json\/wp\/v2\/pages\/1111","targetHints":{"allow":["GET"]}}],"collection":[{"href":"https:\/\/www.porodniasistentky.info\/index.php\/wp-json\/wp\/v2\/pages"}],"about":[{"href":"https:\/\/www.porodniasistentky.info\/index.php\/wp-json\/wp\/v2\/types\/page"}],"author":[{"embeddable":true,"href":"https:\/\/www.porodniasistentky.info\/index.php\/wp-json\/wp\/v2\/users\/2"}],"replies":[{"embeddable":true,"href":"https:\/\/www.porodniasistentky.info\/index.php\/wp-json\/wp\/v2\/comments?post=1111"}],"version-history":[{"count":27,"href":"https:\/\/www.porodniasistentky.info\/index.php\/wp-json\/wp\/v2\/pages\/1111\/revisions"}],"predecessor-version":[{"id":1291,"href":"https:\/\/www.porodniasistentky.info\/index.php\/wp-json\/wp\/v2\/pages\/1111\/revisions\/1291"}],"wp:attachment":[{"href":"https:\/\/www.porodniasistentky.info\/index.php\/wp-json\/wp\/v2\/media?parent=1111"}],"curies":[{"name":"wp","href":"https:\/\/api.w.org\/{rel}","templated":true}]}}