{"id":1109,"date":"2017-08-24T07:43:58","date_gmt":"2017-08-24T06:43:58","guid":{"rendered":"http:\/\/www.porodniasistentky.info\/?page_id=1109"},"modified":"2017-08-24T07:45:17","modified_gmt":"2017-08-24T06:45:17","slug":"legislativa","status":"publish","type":"page","link":"https:\/\/www.porodniasistentky.info\/index.php\/legislativa\/","title":{"rendered":"Legislativa"},"content":{"rendered":"<p>Tato str\u00e1nka se p\u0159ipravuje, omlouv\u00e1me se.<\/p>\n","protected":false},"excerpt":{"rendered":"<p>Tato str\u00e1nka se p\u0159ipravuje, omlouv\u00e1me se.<\/p>\n","protected":false},"author":2,"featured_media":0,"parent":0,"menu_order":0,"comment_status":"closed","ping_status":"closed","template":"","meta":{"inline_featured_image":false,"footnotes":""},"class_list":["post-1109","page","type-page","status-publish","hentry","","tg-column-two"],"_links":{"self":[{"href":"https:\/\/www.porodniasistentky.info\/index.php\/wp-json\/wp\/v2\/pages\/1109","targetHints":{"allow":["GET"]}}],"collection":[{"href":"https:\/\/www.porodniasistentky.info\/index.php\/wp-json\/wp\/v2\/pages"}],"about":[{"href":"https:\/\/www.porodniasistentky.info\/index.php\/wp-json\/wp\/v2\/types\/page"}],"author":[{"embeddable":true,"href":"https:\/\/www.porodniasistentky.info\/index.php\/wp-json\/wp\/v2\/users\/2"}],"replies":[{"embeddable":true,"href":"https:\/\/www.porodniasistentky.info\/index.php\/wp-json\/wp\/v2\/comments?post=1109"}],"version-history":[{"count":2,"href":"https:\/\/www.porodniasistentky.info\/index.php\/wp-json\/wp\/v2\/pages\/1109\/revisions"}],"predecessor-version":[{"id":1116,"href":"https:\/\/www.porodniasistentky.info\/index.php\/wp-json\/wp\/v2\/pages\/1109\/revisions\/1116"}],"wp:attachment":[{"href":"https:\/\/www.porodniasistentky.info\/index.php\/wp-json\/wp\/v2\/media?parent=1109"}],"curies":[{"name":"wp","href":"https:\/\/api.w.org\/{rel}","templated":true}]}}