{"id":1094,"date":"2017-08-24T10:19:03","date_gmt":"2017-08-24T09:19:03","guid":{"rendered":"http:\/\/www.porodniasistentky.info\/?page_id=1094"},"modified":"2017-08-24T10:19:03","modified_gmt":"2017-08-24T09:19:03","slug":"gestacni-diabetes-mellitus-brno","status":"publish","type":"page","link":"https:\/\/www.porodniasistentky.info\/index.php\/vzdelavani\/vzdelavani-2017\/gestacni-diabetes-mellitus-brno\/","title":{"rendered":"Gesta\u010dn\u00ed Diabetes Mellitus Brno"},"content":{"rendered":"<p><span style=\"font-size: 14pt;\"><strong>24. \u0159\u00edjna 2017 &#8211; \u00fater\u00fd<\/strong><\/span><\/p>\n<p><strong>Workshop \u2013 Gesta\u010dn\u00ed diabetes mellitus komplexn\u00ed p\u0159\u00edstup k \u017een\u011b s t\u011bhotenskou cukrovkou<\/strong><\/p>\n<p><strong><br \/>\nOtev\u0159en\u00e1 zahrada &#8211; vzd\u011bl\u00e1vac\u00ed a poradensk\u00e9 centrum<br \/>\n\u00dadoln\u00ed 567\/33, Brno<br \/>\n<\/strong><\/p>\n<p><strong>Po\u0159adatel:<\/strong><br \/>\nGynekologicko \u2013 porodnick\u00e1 klinika 1. LF UK a VFN v Praze<br \/>\nIII. Intern\u00ed klinika 1. LF UK a VFN v Praze<br \/>\n\u010cesk\u00e1 spole\u010dnost porodn\u00edch asistentek<\/p>\n<p><strong>Garanti:<\/strong><br \/>\nprof. MUDr. \u0160t\u011bp\u00e1n Sva\u010dina, DrSc., MBA<br \/>\ndoc. MUDr. Anton\u00edn Pa\u0159\u00edzek, CSc.<\/p>\n<p><strong>Program:<\/strong><\/p>\n<p><a href=\"https:\/\/www.porodniasistentky.info\/wp-content\/uploads\/2017\/08\/GDM-Brno-program.pdf\" class=\"mtli_attachment mtli_pdf\">Gesta\u010dn\u00ed Diabetes Mellitus Program<\/a><\/p>\n<p><strong>Registrace:<\/strong><\/p>\n\n<div class=\"wpcf7 no-js\" id=\"wpcf7-f455-o1\" lang=\"cs-CZ\" dir=\"ltr\" data-wpcf7-id=\"455\">\n<div class=\"screen-reader-response\"><p role=\"status\" aria-live=\"polite\" aria-atomic=\"true\"><\/p> <ul><\/ul><\/div>\n<form action=\"\/index.php\/wp-json\/wp\/v2\/pages\/1094#wpcf7-f455-o1\" method=\"post\" class=\"wpcf7-form init\" aria-label=\"Kontaktn\u00ed formul\u00e1\u0159\" novalidate=\"novalidate\" data-status=\"init\">\n<fieldset class=\"hidden-fields-container\"><input type=\"hidden\" name=\"_wpcf7\" value=\"455\" \/><input type=\"hidden\" name=\"_wpcf7_version\" value=\"6.1.5\" \/><input type=\"hidden\" name=\"_wpcf7_locale\" value=\"cs_CZ\" \/><input type=\"hidden\" name=\"_wpcf7_unit_tag\" value=\"wpcf7-f455-o1\" \/><input type=\"hidden\" name=\"_wpcf7_container_post\" value=\"0\" \/><input type=\"hidden\" name=\"_wpcf7_posted_data_hash\" value=\"\" \/>\n<\/fieldset>\n<p><label> Va\u0161e jm\u00e9no (vy\u017eadov\u00e1no)<br \/>\n<span class=\"wpcf7-form-control-wrap\" data-name=\"your-first-name\"><input size=\"40\" maxlength=\"400\" class=\"wpcf7-form-control wpcf7-text wpcf7-validates-as-required\" aria-required=\"true\" aria-invalid=\"false\" value=\"\" type=\"text\" name=\"your-first-name\" \/><\/span> <\/label>\n<\/p>\n<p><label> Va\u0161e p\u0159\u00edjmen\u00ed (vy\u017eadov\u00e1no)<br \/>\n<span class=\"wpcf7-form-control-wrap\" data-name=\"your-second-name\"><input size=\"40\" maxlength=\"400\" class=\"wpcf7-form-control wpcf7-text wpcf7-validates-as-required\" aria-required=\"true\" aria-invalid=\"false\" value=\"\" type=\"text\" name=\"your-second-name\" \/><\/span> <\/label>\n<\/p>\n<p><label> V\u00e1\u0161 e-mail (vy\u017eadov\u00e1no)<br \/>\n<span class=\"wpcf7-form-control-wrap\" data-name=\"your-email\"><input size=\"40\" maxlength=\"400\" class=\"wpcf7-form-control wpcf7-email wpcf7-validates-as-required wpcf7-text wpcf7-validates-as-email\" aria-required=\"true\" aria-invalid=\"false\" value=\"\" type=\"email\" name=\"your-email\" \/><\/span> <\/label>\n<\/p>\n<p><label> V\u00e1\u0161e tel.\u010d\u00edslo (vy\u017eadov\u00e1no)<br \/>\n<span class=\"wpcf7-form-control-wrap\" data-name=\"tel-420\"><input size=\"40\" maxlength=\"400\" class=\"wpcf7-form-control wpcf7-tel wpcf7-validates-as-required wpcf7-text wpcf7-validates-as-tel\" aria-required=\"true\" aria-invalid=\"false\" value=\"\" type=\"tel\" name=\"tel-420\" \/><\/span><br \/>\n<\/label><label> Vyberte Va\u0161e pracovn\u00ed za\u0159azen\u00ed (vy\u017eadov\u00e1no)<br \/>\n<span class=\"wpcf7-form-control-wrap\" data-name=\"menu-912\"><select class=\"wpcf7-form-control wpcf7-select wpcf7-validates-as-required\" aria-required=\"true\" aria-invalid=\"false\" name=\"menu-912\"><option value=\"L\u00e9ka\u0159\">L\u00e9ka\u0159<\/option><option value=\"Nel\u00e9ka\u0159\">Nel\u00e9ka\u0159<\/option><option value=\"Nel\u00e9ka\u0159, \u010dlen \u010cSPA\">Nel\u00e9ka\u0159, \u010dlen \u010cSPA<\/option><\/select><\/span><br \/>\n<\/label><label> Adresa va\u0161eho pracovi\u0161t\u011b (vy\u017eadov\u00e1no)<br \/>\n<span class=\"wpcf7-form-control-wrap\" data-name=\"textarea-911\"><textarea cols=\"40\" rows=\"10\" maxlength=\"2000\" class=\"wpcf7-form-control wpcf7-textarea wpcf7-validates-as-required\" aria-required=\"true\" aria-invalid=\"false\" name=\"textarea-911\"><\/textarea><\/span><br \/>\n<input class=\"wpcf7-form-control wpcf7-submit has-spinner\" type=\"submit\" value=\"Odeslat\" \/><\/label>\n<\/p><p style=\"display: none !important;\" class=\"akismet-fields-container\" data-prefix=\"_wpcf7_ak_\"><label>&#916;<textarea name=\"_wpcf7_ak_hp_textarea\" cols=\"45\" rows=\"8\" maxlength=\"100\"><\/textarea><\/label><input type=\"hidden\" id=\"ak_js_1\" name=\"_wpcf7_ak_js\" value=\"78\"\/><script>document.getElementById( \"ak_js_1\" ).setAttribute( \"value\", ( new Date() ).getTime() );<\/script><\/p><div class=\"wpcf7-response-output\" aria-hidden=\"true\"><\/div>\n<\/form>\n<\/div>\n\n","protected":false},"excerpt":{"rendered":"<p>24. \u0159\u00edjna 2017 &#8211; \u00fater\u00fd Workshop \u2013 Gesta\u010dn\u00ed diabetes mellitus komplexn\u00ed p\u0159\u00edstup k \u017een\u011b s t\u011bhotenskou cukrovkou Otev\u0159en\u00e1 zahrada &#8211; vzd\u011bl\u00e1vac\u00ed a poradensk\u00e9 centrum \u00dadoln\u00ed 567\/33, Brno Po\u0159adatel: Gynekologicko \u2013 porodnick\u00e1 klinika 1. LF UK a VFN v Praze III.<\/p>\n","protected":false},"author":3,"featured_media":0,"parent":731,"menu_order":0,"comment_status":"closed","ping_status":"closed","template":"","meta":{"inline_featured_image":false,"footnotes":""},"class_list":["post-1094","page","type-page","status-publish","hentry","","tg-column-two"],"_links":{"self":[{"href":"https:\/\/www.porodniasistentky.info\/index.php\/wp-json\/wp\/v2\/pages\/1094","targetHints":{"allow":["GET"]}}],"collection":[{"href":"https:\/\/www.porodniasistentky.info\/index.php\/wp-json\/wp\/v2\/pages"}],"about":[{"href":"https:\/\/www.porodniasistentky.info\/index.php\/wp-json\/wp\/v2\/types\/page"}],"author":[{"embeddable":true,"href":"https:\/\/www.porodniasistentky.info\/index.php\/wp-json\/wp\/v2\/users\/3"}],"replies":[{"embeddable":true,"href":"https:\/\/www.porodniasistentky.info\/index.php\/wp-json\/wp\/v2\/comments?post=1094"}],"version-history":[{"count":12,"href":"https:\/\/www.porodniasistentky.info\/index.php\/wp-json\/wp\/v2\/pages\/1094\/revisions"}],"predecessor-version":[{"id":1137,"href":"https:\/\/www.porodniasistentky.info\/index.php\/wp-json\/wp\/v2\/pages\/1094\/revisions\/1137"}],"up":[{"embeddable":true,"href":"https:\/\/www.porodniasistentky.info\/index.php\/wp-json\/wp\/v2\/pages\/731"}],"wp:attachment":[{"href":"https:\/\/www.porodniasistentky.info\/index.php\/wp-json\/wp\/v2\/media?parent=1094"}],"curies":[{"name":"wp","href":"https:\/\/api.w.org\/{rel}","templated":true}]}}