{"id":102,"date":"2016-06-23T06:05:22","date_gmt":"2016-06-23T05:05:22","guid":{"rendered":"http:\/\/porodniasistentky.3sixty.eu\/?page_id=102"},"modified":"2016-06-23T06:05:22","modified_gmt":"2016-06-23T05:05:22","slug":"definice-porodni-asistentky","status":"publish","type":"page","link":"https:\/\/www.porodniasistentky.info\/index.php\/predsednictvo-cspa\/definice-porodni-asistentky\/","title":{"rendered":"Definice porodn\u00ed asistentky"},"content":{"rendered":"<p>Porodn\u00ed asistentka osoba, kter\u00e1 \u00fasp\u011b\u0161n\u011b ukon\u010dila vzd\u011bl\u00e1vac\u00ed program, uzn\u00e1van\u00fd v dan\u00e9 zemi, vych\u00e1zej\u00edc\u00ed z dokument\u016f \u201eNezbytn\u00e9 dovednosti (kompetence) pro z\u00e1kladn\u00ed praxi porodn\u00ed asistentky\u201c a z r\u00e1mce \u201eGlob\u00e1ln\u00edch po\u017eadavk\u016f na vzd\u011bl\u00e1v\u00e1n\u00ed porodn\u00edch asistentek\u201c; kter\u00e1 dos\u00e1hla nezbytn\u00e9 kvalifikace, aby byla registrovan\u00e1 a\/nebo aby mohla z\u00edskat povolen\u00ed k v\u00fdkonu povol\u00e1n\u00ed porodn\u00ed asistentky a pou\u017e\u00edvat ozna\u010den\u00ed porodn\u00ed asistentka; a kter\u00e1 vykazuje pot\u0159ebn\u00e9 znalosti a dovednosti pro praktick\u00fd v\u00fdkon povol\u00e1n\u00ed porodn\u00ed asistentky.<\/p>\n<h6><em>Dle mezin\u00e1rodn\u00ed definice \/v roce 1972 vytvo\u0159ily Sv\u011btov\u00e1 zdravotnick\u00e1 organizace (WHO), Mezin\u00e1rodn\u00ed konfederace porodn\u00edch asistentek (ICM) a Mezin\u00e1rodn\u00ed federace gynekolog\u016f a porodn\u00edk\u016f (FIGO) dokument nazvan\u00fd Definition of the Midwife (Definice porodn\u00ed asistentky). Zn\u011bn\u00ed tohoto dokumentu bylo poprv\u00e9 upraveno v roce 1990. Sou\u010dasn\u00e9 zn\u011bn\u00ed bylo p\u0159ijato v roce 2005 na kongresu Mezin\u00e1rodn\u00ed konfederace porodn\u00edch asistentek konan\u00e9m Austr\u00e1lii\/<\/em><\/h6>\n<h3>Porodn\u00ed asistentka<\/h3>\n<p>je uzn\u00e1v\u00e1na jako pln\u011b zodpov\u011bdn\u00fd zdravotnick\u00fd pracovn\u00edk; pracuje v\u00a0partnerstv\u00ed se \u017eenami, aby jim\u00a0 poskytla pot\u0159ebnou podporu, p\u00e9\u010di a radu b\u011bhem t\u011bhotenstv\u00ed, porodu a v\u00a0dob\u011b poporodn\u00ed, vede porod na svou vlastn\u00ed zodpov\u011bdnost, poskytuje p\u00e9\u010di novorozenc\u016fm a d\u011btem v\u00a0kojeneck\u00e9m v\u011bku. Tato p\u00e9\u010de zahrnuje preventivn\u00ed opat\u0159en\u00ed, podporu norm\u00e1ln\u00edho porodu, zji\u0161\u0165ov\u00e1n\u00ed komplikac\u00ed u matky nebo d\u00edt\u011bte, zprost\u0159edkov\u00e1n\u00ed p\u0159\u00edstupu k\u00a0l\u00e9ka\u0159sk\u00e9 p\u00e9\u010di nebo jin\u00e9 vhodn\u00e9 pomoci a proveden\u00ed nezbytn\u00fdch opat\u0159en\u00ed p\u0159i mimo\u0159\u00e1dn\u00e9 nal\u00e9hav\u00e9 situaci.<\/p>\n<p>Porodn\u00ed asistentka m\u00e1 d\u016fle\u017eitou \u00falohu\u00a0 ve zdravotn\u00edm poradenstv\u00ed a vzd\u011bl\u00e1v\u00e1n\u00ed nejen \u017een, ale i\u00a0v\u00a0r\u00e1mci jejich rodin a cel\u00fdch komunit.\u00a0 Tato pr\u00e1ce by m\u011bla zahrnovat p\u0159edporodn\u00ed p\u0159\u00edpravu a\u00a0p\u0159\u00edpravu k rodi\u010dovstv\u00ed\u00a0 a m\u016f\u017ee b\u00fdt roz\u0161\u00ed\u0159ena i do oblasti zdrav\u00ed \u017een, sexu\u00e1ln\u00edho nebo reproduktivn\u00edho zdrav\u00ed a p\u00e9\u010di o d\u00edt\u011b.<\/p>\n<p>Porodn\u00ed asistentka m\u016f\u017ee vykon\u00e1vat svou profesi v\u00a0jak\u00e9mkoli prost\u0159ed\u00ed, v\u010detn\u011b dom\u00e1c\u00edho prost\u0159ed\u00ed, ambulantn\u00edch zdravotnick\u00fdch za\u0159\u00edzen\u00ed, nemocnic, klinik, nebo zdravotnick\u00fdch st\u0159edisek.<\/p>\n","protected":false},"excerpt":{"rendered":"<p>Porodn\u00ed asistentka osoba, kter\u00e1 \u00fasp\u011b\u0161n\u011b ukon\u010dila vzd\u011bl\u00e1vac\u00ed program, uzn\u00e1van\u00fd v dan\u00e9 zemi, vych\u00e1zej\u00edc\u00ed z dokument\u016f \u201eNezbytn\u00e9 dovednosti (kompetence) pro z\u00e1kladn\u00ed praxi porodn\u00ed asistentky\u201c a z r\u00e1mce \u201eGlob\u00e1ln\u00edch po\u017eadavk\u016f na vzd\u011bl\u00e1v\u00e1n\u00ed porodn\u00edch asistentek\u201c; kter\u00e1 dos\u00e1hla nezbytn\u00e9 kvalifikace, aby byla registrovan\u00e1 a\/nebo<\/p>\n","protected":false},"author":2,"featured_media":0,"parent":42,"menu_order":0,"comment_status":"closed","ping_status":"closed","template":"","meta":{"inline_featured_image":false,"footnotes":""},"class_list":["post-102","page","type-page","status-publish","hentry","","tg-column-two"],"_links":{"self":[{"href":"https:\/\/www.porodniasistentky.info\/index.php\/wp-json\/wp\/v2\/pages\/102","targetHints":{"allow":["GET"]}}],"collection":[{"href":"https:\/\/www.porodniasistentky.info\/index.php\/wp-json\/wp\/v2\/pages"}],"about":[{"href":"https:\/\/www.porodniasistentky.info\/index.php\/wp-json\/wp\/v2\/types\/page"}],"author":[{"embeddable":true,"href":"https:\/\/www.porodniasistentky.info\/index.php\/wp-json\/wp\/v2\/users\/2"}],"replies":[{"embeddable":true,"href":"https:\/\/www.porodniasistentky.info\/index.php\/wp-json\/wp\/v2\/comments?post=102"}],"version-history":[{"count":2,"href":"https:\/\/www.porodniasistentky.info\/index.php\/wp-json\/wp\/v2\/pages\/102\/revisions"}],"predecessor-version":[{"id":105,"href":"https:\/\/www.porodniasistentky.info\/index.php\/wp-json\/wp\/v2\/pages\/102\/revisions\/105"}],"up":[{"embeddable":true,"href":"https:\/\/www.porodniasistentky.info\/index.php\/wp-json\/wp\/v2\/pages\/42"}],"wp:attachment":[{"href":"https:\/\/www.porodniasistentky.info\/index.php\/wp-json\/wp\/v2\/media?parent=102"}],"curies":[{"name":"wp","href":"https:\/\/api.w.org\/{rel}","templated":true}]}}